{"id":57,"date":"2023-04-15T09:57:14","date_gmt":"2023-04-15T12:57:14","guid":{"rendered":"https:\/\/carlosesantosadvogados.com.br\/?page_id=57"},"modified":"2023-04-15T11:48:15","modified_gmt":"2023-04-15T14:48:15","slug":"acerto-de-recolhimento","status":"publish","type":"page","link":"https:\/\/carlosesantosadvogados.com.br\/index.php\/acerto-de-recolhimento\/","title":{"rendered":"Acerto de recolhimento"},"content":{"rendered":"\t\t<div data-elementor-type=\"wp-page\" data-elementor-id=\"57\" class=\"elementor elementor-57\">\n\t\t\t\t\t\t\t<div class=\"elementor-element elementor-element-c9ba810 e-con-boxed e-flex e-con\" data-id=\"c9ba810\" data-element_type=\"container\" data-settings=\"{&quot;content_width&quot;:&quot;boxed&quot;}\">\n\t\t\t\t\t<div class=\"e-con-inner\">\n\t\t\t\t<div class=\"elementor-element elementor-element-db62a82 elementor-widget elementor-widget-image\" data-id=\"db62a82\" data-element_type=\"widget\" data-widget_type=\"image.default\">\n\t\t\t\t<div class=\"elementor-widget-container\">\n\t\t\t<style>\/*! elementor - v3.13.3 - 28-05-2023 *\/\n.elementor-widget-image{text-align:center}.elementor-widget-image a{display:inline-block}.elementor-widget-image a img[src$=\".svg\"]{width:48px}.elementor-widget-image img{vertical-align:middle;display:inline-block}<\/style>\t\t\t\t\t\t\t\t\t\t\t\t<img loading=\"lazy\" decoding=\"async\" width=\"335\" height=\"229\" src=\"https:\/\/carlosesantosadvogados.com.br\/wp-content\/uploads\/2023\/04\/acerto-de-recolhimento.png\" class=\"attachment-full size-full wp-image-84\" alt=\"\" srcset=\"https:\/\/carlosesantosadvogados.com.br\/wp-content\/uploads\/2023\/04\/acerto-de-recolhimento.png 335w, https:\/\/carlosesantosadvogados.com.br\/wp-content\/uploads\/2023\/04\/acerto-de-recolhimento-300x205.png 300w\" sizes=\"(max-width: 335px) 100vw, 335px\" \/>\t\t\t\t\t\t\t\t\t\t\t\t\t\t\t<\/div>\n\t\t\t\t<\/div>\n\t\t\t\t<div class=\"elementor-element elementor-element-0558273 elementor-widget elementor-widget-text-editor\" data-id=\"0558273\" data-element_type=\"widget\" data-widget_type=\"text-editor.default\">\n\t\t\t\t<div class=\"elementor-widget-container\">\n\t\t\t<style>\/*! elementor - v3.13.3 - 28-05-2023 *\/\n.elementor-widget-text-editor.elementor-drop-cap-view-stacked .elementor-drop-cap{background-color:#69727d;color:#fff}.elementor-widget-text-editor.elementor-drop-cap-view-framed .elementor-drop-cap{color:#69727d;border:3px solid;background-color:transparent}.elementor-widget-text-editor:not(.elementor-drop-cap-view-default) .elementor-drop-cap{margin-top:8px}.elementor-widget-text-editor:not(.elementor-drop-cap-view-default) .elementor-drop-cap-letter{width:1em;height:1em}.elementor-widget-text-editor .elementor-drop-cap{float:left;text-align:center;line-height:1;font-size:50px}.elementor-widget-text-editor .elementor-drop-cap-letter{display:inline-block}<\/style>\t\t\t\t<p>O\u00a0<strong>Acerto de Recolhimento<\/strong>\u00a0\u00e9 uma forma de a pessoa regularizar o tempo em que ficou sem contribuir para o INSS, podem ser meses ou at\u00e9 mesmo anos.<\/p><h2>ACERTO DE RECOLHIMENTO<\/h2><p>O segurado pode fazer o pagamento retroativo para contar este per\u00edodo da vida profissional em que n\u00e3o contribuiu com o recolhimento, desde que comprove que exerceu atividade remunerada nessa \u00e9poca e que n\u00e3o efetuou o pagamento ao Instituto.<\/p><h3>Como Regularizar a Contribui\u00e7\u00e3o Previdenci\u00e1ria<\/h3><p>Para que a comprova\u00e7\u00e3o seja feita, \u00e9 preciso que o trabalhador apresente documentos que confirmem a sua atividade como Aut\u00f4nomo nesse per\u00edodo, tais como:<\/p><ul><li>Notas Fiscais,<\/li><li>Contrato com a Pessoa ou Empresa para quem Prestou Servi\u00e7os e<\/li><li>Documentos que Comprovem o Pagamento de Impostos, por exemplo.<\/li><\/ul><p>Esse acerto de recolhimento serve para que a pessoa tenha acesso aos Benef\u00edcios Previdenci\u00e1rios e para que ela consiga se aposentar atrav\u00e9s da\u00a0Previd\u00eancia Social.<\/p><p><img loading=\"lazy\" decoding=\"async\" class=\"aligncenter wp-image-3008 size-full ewww_webp_loaded\" title=\"Acerto Recolhimento - Especialista SP\" src=\"https:\/\/bramanteprevidencia.adv.br\/wp-content\/uploads\/2019\/04\/acerto-de-recolhimento.jpg.webp\" sizes=\"(max-width: 701px) 100vw, 701px\" srcset=\"https:\/\/bramanteprevidencia.adv.br\/wp-content\/uploads\/2019\/04\/acerto-de-recolhimento.jpg.webp 701w, https:\/\/bramanteprevidencia.adv.br\/wp-content\/uploads\/2019\/04\/acerto-de-recolhimento-300x125.jpg.webp 300w\" alt=\"Acerto Recolhimento - Especialista SP\" width=\"701\" height=\"291\" data-id=\"3008\" data-src-img=\"https:\/\/bramanteprevidencia.adv.br\/wp-content\/uploads\/2019\/04\/acerto-de-recolhimento.jpg\" data-src-webp=\"https:\/\/bramanteprevidencia.adv.br\/wp-content\/uploads\/2019\/04\/acerto-de-recolhimento.jpg.webp\" data-srcset-webp=\"https:\/\/bramanteprevidencia.adv.br\/wp-content\/uploads\/2019\/04\/acerto-de-recolhimento.jpg.webp 701w, https:\/\/bramanteprevidencia.adv.br\/wp-content\/uploads\/2019\/04\/acerto-de-recolhimento-300x125.jpg.webp 300w\" data-srcset-img=\"https:\/\/bramanteprevidencia.adv.br\/wp-content\/uploads\/2019\/04\/acerto-de-recolhimento.jpg 701w, https:\/\/bramanteprevidencia.adv.br\/wp-content\/uploads\/2019\/04\/acerto-de-recolhimento-300x125.jpg 300w\" data-eio=\"j\" \/><\/p><h3>\u00a0<\/h3><p>Entre as op\u00e7\u00f5es do segurado para colocar a contribui\u00e7\u00e3o em dia est\u00e3o o telefone 135 e o site da Previd\u00eancia Social.<br \/>Basta o segurado informar o n\u00famero de inscri\u00e7\u00e3o junto \u00e0 Previd\u00eancia, que pode ser o NIT, PIS ou PASEP e a categoria de contribui\u00e7\u00e3o no Guia da Previd\u00eancia Social (GPS). Assim, a pessoa consegue calcular os valores das multas e juros que ser\u00e3o cobrados pelo atraso.<\/p><p>Mas o portal s\u00f3 disponibiliza informa\u00e7\u00f5es para a realiza\u00e7\u00e3o do c\u00e1lculo de contribui\u00e7\u00f5es que est\u00e3o em atraso a partir de janeiro de 2009 e com um intervalo de cinco anos. Logo, os segurados que est\u00e3o com mais de cinco anos de atraso s\u00f3 conseguem regularizar o recolhimento atrav\u00e9s do atendimento em uma Ag\u00eancia de Previd\u00eancia Social e nem precisa de um agendamento pr\u00e9vio.<\/p><p>Conhe\u00e7a a\u00a0Equipe do Escrit\u00f3rio Bramante Previd\u00eancia.<\/p><h3>Casos em que deve Haver a Contribui\u00e7\u00e3o ao INSS<\/h3><p>A Contribui\u00e7\u00e3o deve ser feita a partir do momento em que a pessoa come\u00e7a a exercer uma atividade remunerada ou a partir dos dezesseis anos de idade. Al\u00e9m disso, existem os casos de contribuinte facultativo, em que a pessoa que trabalha pode come\u00e7ar a pagar a previd\u00eancia a partir dos quatorze anos. Acerto de Recolhimento. Mantenha-se\u00a0informado sobre todas as novidades, not\u00edcias e altera\u00e7\u00f5es da previd\u00eancia e INSS.<\/p><h4>Trabalhador Aut\u00f4nomo Acerto de Recolhimento<\/h4><p>Quando o trabalhador Aut\u00f4nomo come\u00e7a a exercer atividade Remunerada, a contribui\u00e7\u00e3o ao INSS deve ser feita pelo mesmo, atrav\u00e9s de carn\u00eas fornecidos pelo Instituto e ap\u00f3s o cadastro como Contribuinte Individual no Guia da Previd\u00eancia Social (GPS).<\/p><h4>Acerto de Recolhimento Funcion\u00e1rio<\/h4><p>Quando a pessoa trabalha em uma empresa com carteira assinada, \u00e9 obriga\u00e7\u00e3o do empregador, realizar a contribui\u00e7\u00e3o atrav\u00e9s de desconto do valor total a ser recebido de sal\u00e1rio.<\/p><h4>MEI Acerto de Recolhimento<\/h4><p>O Microempreendedor Individual tamb\u00e9m n\u00e3o precisa se preocupar com essa contribui\u00e7\u00e3o ou Acerto de Recolhimento, j\u00e1 que a sua contribui\u00e7\u00e3o j\u00e1 est\u00e1 inclusa na taxa mensal que paga, juntamente com o\u00a0Aux\u00edlio-doen\u00e7a, Sal\u00e1rio-maternidade ap\u00f3s car\u00eancia necess\u00e1ria, pens\u00e3o e aux\u00edlio reclus\u00e3o.<\/p><h4>Freelancer<\/h4><p>O Freelancer n\u00e3o \u00e9 obrigado a fazer o recolhimento, a n\u00e3o ser que deseje. Quem opta por contribuir, tem que se cadastrar na Previd\u00eancia Social atrav\u00e9s do telefone ou ag\u00eancia e pagar o carn\u00ea de contribui\u00e7\u00e3o, com o valor a ser definido pelo requerente.<\/p><ul><li>Informativo Previdenci\u00e1rio<\/li><\/ul><p>O trabalhador pode escolher entre contribuir com onze por cento de um sal\u00e1rio m\u00ednimo ou vinte por cento do valor que recebe como sal\u00e1rio. Quando a pessoa escolhe a primeira op\u00e7\u00e3o, ao se aposentar, recebe o valor de um sal\u00e1rio m\u00ednimo. J\u00e1 quando opta pela segunda, a quantia recebida \u00e9 equivalente \u00e0 m\u00e9dia de todas as suas contribui\u00e7\u00f5es.<br \/>E ainda existe a op\u00e7\u00e3o de se aposentar atrav\u00e9s de uma previd\u00eancia privada, em que o valor e as demais informa\u00e7\u00f5es s\u00e3o baseados no contrato firmado entre o Freelancer e a institui\u00e7\u00e3o financeira privada.<\/p>\t\t\t\t\t\t<\/div>\n\t\t\t\t<\/div>\n\t\t\t\t\t<\/div>\n\t\t\t\t<\/div>\n\t\t\t\t\t\t\t<\/div>\n\t\t","protected":false},"excerpt":{"rendered":"<p>O\u00a0Acerto de Recolhimento\u00a0\u00e9 uma forma de a pessoa regularizar o tempo em que ficou sem contribuir para o INSS, podem ser meses ou at\u00e9 mesmo anos. ACERTO DE RECOLHIMENTO O segurado pode fazer o pagamento retroativo para contar este per\u00edodo da vida profissional em que n\u00e3o contribuiu com o recolhimento, desde que comprove que exerceu [&hellip;]<\/p>\n","protected":false},"author":1,"featured_media":0,"parent":0,"menu_order":0,"comment_status":"closed","ping_status":"closed","template":"elementor_header_footer","meta":{"footnotes":""},"class_list":["post-57","page","type-page","status-publish","hentry"],"_links":{"self":[{"href":"https:\/\/carlosesantosadvogados.com.br\/index.php\/wp-json\/wp\/v2\/pages\/57"}],"collection":[{"href":"https:\/\/carlosesantosadvogados.com.br\/index.php\/wp-json\/wp\/v2\/pages"}],"about":[{"href":"https:\/\/carlosesantosadvogados.com.br\/index.php\/wp-json\/wp\/v2\/types\/page"}],"author":[{"embeddable":true,"href":"https:\/\/carlosesantosadvogados.com.br\/index.php\/wp-json\/wp\/v2\/users\/1"}],"replies":[{"embeddable":true,"href":"https:\/\/carlosesantosadvogados.com.br\/index.php\/wp-json\/wp\/v2\/comments?post=57"}],"version-history":[{"count":22,"href":"https:\/\/carlosesantosadvogados.com.br\/index.php\/wp-json\/wp\/v2\/pages\/57\/revisions"}],"predecessor-version":[{"id":215,"href":"https:\/\/carlosesantosadvogados.com.br\/index.php\/wp-json\/wp\/v2\/pages\/57\/revisions\/215"}],"wp:attachment":[{"href":"https:\/\/carlosesantosadvogados.com.br\/index.php\/wp-json\/wp\/v2\/media?parent=57"}],"curies":[{"name":"wp","href":"https:\/\/api.w.org\/{rel}","templated":true}]}}