{"id":60,"date":"2023-04-15T10:01:32","date_gmt":"2023-04-15T13:01:32","guid":{"rendered":"https:\/\/carlosesantosadvogados.com.br\/?page_id=60"},"modified":"2023-04-15T12:25:38","modified_gmt":"2023-04-15T15:25:38","slug":"acoes-judiciais","status":"publish","type":"page","link":"https:\/\/carlosesantosadvogados.com.br\/index.php\/acoes-judiciais\/","title":{"rendered":"A\u00e7\u00f5es judiciais"},"content":{"rendered":"\t\t<div data-elementor-type=\"wp-page\" data-elementor-id=\"60\" class=\"elementor elementor-60\">\n\t\t\t\t\t\t\t<div class=\"elementor-element elementor-element-8021cc5 e-con-boxed e-flex e-con\" data-id=\"8021cc5\" data-element_type=\"container\" data-settings=\"{&quot;content_width&quot;:&quot;boxed&quot;}\">\n\t\t\t\t\t<div class=\"e-con-inner\">\n\t\t\t\t<div class=\"elementor-element elementor-element-404dc21 elementor-widget elementor-widget-image\" data-id=\"404dc21\" data-element_type=\"widget\" data-widget_type=\"image.default\">\n\t\t\t\t<div class=\"elementor-widget-container\">\n\t\t\t<style>\/*! elementor - v3.13.3 - 28-05-2023 *\/\n.elementor-widget-image{text-align:center}.elementor-widget-image a{display:inline-block}.elementor-widget-image a img[src$=\".svg\"]{width:48px}.elementor-widget-image img{vertical-align:middle;display:inline-block}<\/style>\t\t\t\t\t\t\t\t\t\t\t\t<img loading=\"lazy\" decoding=\"async\" width=\"334\" height=\"228\" src=\"https:\/\/carlosesantosadvogados.com.br\/wp-content\/uploads\/2023\/04\/acoes-judiciais.png\" class=\"attachment-large size-large wp-image-85\" alt=\"\" srcset=\"https:\/\/carlosesantosadvogados.com.br\/wp-content\/uploads\/2023\/04\/acoes-judiciais.png 334w, https:\/\/carlosesantosadvogados.com.br\/wp-content\/uploads\/2023\/04\/acoes-judiciais-300x205.png 300w\" sizes=\"(max-width: 334px) 100vw, 334px\" \/>\t\t\t\t\t\t\t\t\t\t\t\t\t\t\t<\/div>\n\t\t\t\t<\/div>\n\t\t\t\t<div class=\"elementor-element elementor-element-e00b16e elementor-widget elementor-widget-text-editor\" data-id=\"e00b16e\" data-element_type=\"widget\" data-widget_type=\"text-editor.default\">\n\t\t\t\t<div class=\"elementor-widget-container\">\n\t\t\t<style>\/*! elementor - v3.13.3 - 28-05-2023 *\/\n.elementor-widget-text-editor.elementor-drop-cap-view-stacked .elementor-drop-cap{background-color:#69727d;color:#fff}.elementor-widget-text-editor.elementor-drop-cap-view-framed .elementor-drop-cap{color:#69727d;border:3px solid;background-color:transparent}.elementor-widget-text-editor:not(.elementor-drop-cap-view-default) .elementor-drop-cap{margin-top:8px}.elementor-widget-text-editor:not(.elementor-drop-cap-view-default) .elementor-drop-cap-letter{width:1em;height:1em}.elementor-widget-text-editor .elementor-drop-cap{float:left;text-align:center;line-height:1;font-size:50px}.elementor-widget-text-editor .elementor-drop-cap-letter{display:inline-block}<\/style>\t\t\t\t<p><strong>A\u00e7\u00f5es Judiciais: Concess\u00e3o, Manuten\u00e7\u00e3o, Revis\u00e3o do INSS<\/strong>: Antes de explicar sobre as a\u00e7\u00f5es jur\u00eddicas especificamente, vamos explicar o conceito de concess\u00e3o, manuten\u00e7\u00e3o e revis\u00e3o do INSS. O primeiro tem finalidade de informar o cidad\u00e3o sobre a forma de c\u00e1lculo do valor do seu benef\u00edcio, al\u00e9m de providenciar informa\u00e7\u00f5es relacionadas ao banco que \u00e9 respons\u00e1vel pelo pagamento do segurado.<\/p><h4>A\u00c7\u00d5ES JUDICIAIS: CONCESS\u00c3O, MANUTEN\u00c7\u00c3O, REVIS\u00c3O DO INSS<\/h4><p>J\u00e1 a manuten\u00e7\u00e3o \u00e9 um pouco mais complexa visto que envolve a manuten\u00e7\u00e3o da qualidade de segurado, e a tabela de reajuste de benef\u00edcios. A qualidade de segurado \u00e9 a condi\u00e7\u00e3o atribu\u00edda a cidad\u00e3os filiados ao INSS que mensalmente o t\u00edtulo de previd\u00eancia social .<\/p><p>Todos os filiados mant\u00e9m essa qualidade automaticamente se estiverem efetuando os pagamentos regularmente, mesmo se estiver com alguns per\u00edodos sem pagar, eles ainda mant\u00e9m a qualidade, pois os per\u00edodos n\u00e3o pagos \u00e9 denominado \u201cper\u00edodo de gra\u00e7a\u201d<\/p><p>A tabela de reajuste de benef\u00edcios \u00e9 feita para preservar o segurado. Os valores dos benef\u00edcios que se encontram em manuten\u00e7\u00e3o anualmente s\u00e3o reajustados conforme suas datas de in\u00edcio.<\/p><p>E por fim, a revis\u00e3o \u00e9 o servi\u00e7o destinado ao cidad\u00e3o que requereu ao INSS e foi atendido parcialmente ou totalmente, mas acredita ter sido prejudicado pela avalia\u00e7\u00e3o feita das informa\u00e7\u00f5es utilizadas no momento do atendimento de sua solicita\u00e7\u00e3o.<\/p><p>Se encaixam como objeto de revis\u00e3o o valor mensal do benef\u00edcio, v\u00ednculos empregat\u00edcios que poder\u00e3o ser utilizados para aposentadoria ou que constam na Certid\u00e3o de Tempo de Contribui\u00e7\u00e3o.<\/p><h3>A\u00e7\u00e3o Jur\u00eddica de Concess\u00e3o<\/h3><p>Antes de entrar com uma a\u00e7\u00e3o judicial sobre concess\u00e3o de benef\u00edcio, \u00e9 preciso requerer ao INSS. o segurado deve apresentar seu pedido ao INSS, e a organiza\u00e7\u00e3o ter\u00e1 45 dias para responder, em caso de pedido negado ou n\u00e3o respondido (total ou parcialmente), o segurado pode acionar o judici\u00e1rio.<\/p><p>Essa lei foi levantada pelo supremo tribunal federal\u00a0(STF) em 2014, foi feita pois segundo os ministros que votaram a favor, n\u00e3o h\u00e1 sentido no segurado agir sem ter iniciado o protocolo do requerimento junto do INSS, mas se o instituto for negligente, o segurado pode entrar com a\u00e7\u00e3o jur\u00eddica.<\/p><p><img loading=\"lazy\" decoding=\"async\" class=\"ewww_webp_loaded\" title=\"A\u00e7\u00f5es Judiciais: Concess\u00e3o, Manuten\u00e7\u00e3o, Revis\u00e3o do INSS\" src=\"https:\/\/bramanteprevidencia.adv.br\/wp-content\/uploads\/2019\/04\/acoes-judiciais-concessao-manutencao-revisao-do-inss.jpg.webp\" alt=\"A\u00e7\u00f5es Judiciais: Concess\u00e3o, Manuten\u00e7\u00e3o, Revis\u00e3o do INSS\" width=\"637\" height=\"382\" data-id=\"3009\" data-src-img=\"https:\/\/bramanteprevidencia.adv.br\/wp-content\/uploads\/2019\/04\/acoes-judiciais-concessao-manutencao-revisao-do-inss.jpg\" data-src-webp=\"https:\/\/bramanteprevidencia.adv.br\/wp-content\/uploads\/2019\/04\/acoes-judiciais-concessao-manutencao-revisao-do-inss.jpg.webp\" data-eio=\"j\" \/><\/p><h4>A\u00e7\u00e3o Jur\u00eddica de Manuten\u00e7\u00e3o<\/h4><p>H\u00e1 dois casos de manuten\u00e7\u00e3o do benef\u00edcio: a manuten\u00e7\u00e3o da qualidade do segurado ou de algum benef\u00edcio (como aposentadoria por invalidez ou aux\u00edlio doen\u00e7a) e a manuten\u00e7\u00e3o da renda do benef\u00edcio. O segurado pode perder a qualidade de segurado se ap\u00f3s transcorrido todo o prazo a que o cidad\u00e3o tinha direito de manter a condi\u00e7\u00e3o de segurado do INSS, sem efetuar recolhimentos.<\/p><p>Assim, ele deixar\u00e1 de estar coberto pelo INSS e\u00a0perder\u00e1 o direito a benef\u00edcios\u00a0previdenci\u00e1rios caso o direito ao benef\u00edcio tenha iniciado ap\u00f3s a data em que perdeu a condi\u00e7\u00e3o de \u201csegurado\u201d.<\/p><p>Se o\u00a0trabalhador n\u00e3o concordar\u00a0com a decis\u00e3o do INSS ele pode entrar com recurso contra essa decis\u00e3o, o recurso deve ser apresentado por escrito e assinado, apontando os motivos da discord\u00e2ncia da decis\u00e3o emitida. O cidad\u00e3o deve apresentar seu recurso em, no m\u00e1ximo, 30 dias ap\u00f3s tomar conhecimento da decis\u00e3o que deseja contestar.<\/p><h5>A\u00e7\u00e3o Jur\u00eddica de Revis\u00e3o<\/h5><p>Passa pela revis\u00e3o os trabalhadores que recebem aux\u00edlio-doen\u00e7a ou aposentadoria por invalidez h\u00e1 mais de dois anos e n\u00e3o passaram por avalia\u00e7\u00e3o m\u00e9dica, esses s\u00e3o convocados para realizar a per\u00edcia.<\/p><p>Assim como nas outras a\u00e7\u00f5es jur\u00eddicas citadas, tamb\u00e9m \u00e9 necess\u00e1rio contatar o INSS\u00a0 e agendar um atendimento antes de agir judicialmente, para fazer isso voc\u00ea pode agendar online ou pelo telefone, e comparecer pessoalmente no hor\u00e1rio e data agendados.<\/p><p>Caso n\u00e3o esteja apto a comparecer, o segurado pode nomear um procurador para realizar o processo do requerimento em seu lugar.\u00a0 Mas \u00e9 importante lembrar que esse processo s\u00f3 pode ser feito se houver decis\u00e3o tomada pelo INSS em um processo administrativo (de benef\u00edcio ou outro relacionado).<\/p><p>Em caso de revis\u00e3o dos benef\u00edcios e consequente corte do mesmo, o benefici\u00e1rio pode entrar em recurso contra essa decis\u00e3o, seguindo as regras citadas no \u00faltimo par\u00e1grafo da a\u00e7\u00f5es jur\u00eddicas e manuten\u00e7\u00e3o.<\/p>\t\t\t\t\t\t<\/div>\n\t\t\t\t<\/div>\n\t\t\t\t\t<\/div>\n\t\t\t\t<\/div>\n\t\t\t\t\t\t\t<\/div>\n\t\t","protected":false},"excerpt":{"rendered":"<p>A\u00e7\u00f5es Judiciais: Concess\u00e3o, Manuten\u00e7\u00e3o, Revis\u00e3o do INSS: Antes de explicar sobre as a\u00e7\u00f5es jur\u00eddicas especificamente, vamos explicar o conceito de concess\u00e3o, manuten\u00e7\u00e3o e revis\u00e3o do INSS. O primeiro tem finalidade de informar o cidad\u00e3o sobre a forma de c\u00e1lculo do valor do seu benef\u00edcio, al\u00e9m de providenciar informa\u00e7\u00f5es relacionadas ao banco que \u00e9 respons\u00e1vel pelo [&hellip;]<\/p>\n","protected":false},"author":1,"featured_media":0,"parent":0,"menu_order":0,"comment_status":"closed","ping_status":"closed","template":"elementor_header_footer","meta":{"footnotes":""},"class_list":["post-60","page","type-page","status-publish","hentry"],"_links":{"self":[{"href":"https:\/\/carlosesantosadvogados.com.br\/index.php\/wp-json\/wp\/v2\/pages\/60"}],"collection":[{"href":"https:\/\/carlosesantosadvogados.com.br\/index.php\/wp-json\/wp\/v2\/pages"}],"about":[{"href":"https:\/\/carlosesantosadvogados.com.br\/index.php\/wp-json\/wp\/v2\/types\/page"}],"author":[{"embeddable":true,"href":"https:\/\/carlosesantosadvogados.com.br\/index.php\/wp-json\/wp\/v2\/users\/1"}],"replies":[{"embeddable":true,"href":"https:\/\/carlosesantosadvogados.com.br\/index.php\/wp-json\/wp\/v2\/comments?post=60"}],"version-history":[{"count":11,"href":"https:\/\/carlosesantosadvogados.com.br\/index.php\/wp-json\/wp\/v2\/pages\/60\/revisions"}],"predecessor-version":[{"id":590,"href":"https:\/\/carlosesantosadvogados.com.br\/index.php\/wp-json\/wp\/v2\/pages\/60\/revisions\/590"}],"wp:attachment":[{"href":"https:\/\/carlosesantosadvogados.com.br\/index.php\/wp-json\/wp\/v2\/media?parent=60"}],"curies":[{"name":"wp","href":"https:\/\/api.w.org\/{rel}","templated":true}]}}