{"id":62,"date":"2023-04-15T10:02:06","date_gmt":"2023-04-15T13:02:06","guid":{"rendered":"https:\/\/carlosesantosadvogados.com.br\/?page_id=62"},"modified":"2023-04-15T11:52:32","modified_gmt":"2023-04-15T14:52:32","slug":"analises-de-processos","status":"publish","type":"page","link":"https:\/\/carlosesantosadvogados.com.br\/index.php\/analises-de-processos\/","title":{"rendered":"An\u00e1lises de processos"},"content":{"rendered":"\t\t<div data-elementor-type=\"wp-page\" data-elementor-id=\"62\" class=\"elementor elementor-62\">\n\t\t\t\t\t\t\t<div class=\"elementor-element elementor-element-a2ec06f e-con-boxed e-flex e-con\" data-id=\"a2ec06f\" data-element_type=\"container\" data-settings=\"{&quot;content_width&quot;:&quot;boxed&quot;}\">\n\t\t\t\t\t<div class=\"e-con-inner\">\n\t\t\t\t<div class=\"elementor-element elementor-element-f95796e elementor-widget elementor-widget-image\" data-id=\"f95796e\" data-element_type=\"widget\" data-widget_type=\"image.default\">\n\t\t\t\t<div class=\"elementor-widget-container\">\n\t\t\t<style>\/*! elementor - v3.13.3 - 28-05-2023 *\/\n.elementor-widget-image{text-align:center}.elementor-widget-image a{display:inline-block}.elementor-widget-image a img[src$=\".svg\"]{width:48px}.elementor-widget-image img{vertical-align:middle;display:inline-block}<\/style>\t\t\t\t\t\t\t\t\t\t\t\t<img loading=\"lazy\" decoding=\"async\" width=\"334\" height=\"228\" src=\"https:\/\/carlosesantosadvogados.com.br\/wp-content\/uploads\/2023\/04\/analise-de-processos.png\" class=\"attachment-large size-large wp-image-86\" alt=\"\" srcset=\"https:\/\/carlosesantosadvogados.com.br\/wp-content\/uploads\/2023\/04\/analise-de-processos.png 334w, https:\/\/carlosesantosadvogados.com.br\/wp-content\/uploads\/2023\/04\/analise-de-processos-300x205.png 300w\" sizes=\"(max-width: 334px) 100vw, 334px\" \/>\t\t\t\t\t\t\t\t\t\t\t\t\t\t\t<\/div>\n\t\t\t\t<\/div>\n\t\t\t\t<div class=\"elementor-element elementor-element-86ee7ee elementor-widget elementor-widget-text-editor\" data-id=\"86ee7ee\" data-element_type=\"widget\" data-widget_type=\"text-editor.default\">\n\t\t\t\t<div class=\"elementor-widget-container\">\n\t\t\t<style>\/*! elementor - v3.13.3 - 28-05-2023 *\/\n.elementor-widget-text-editor.elementor-drop-cap-view-stacked .elementor-drop-cap{background-color:#69727d;color:#fff}.elementor-widget-text-editor.elementor-drop-cap-view-framed .elementor-drop-cap{color:#69727d;border:3px solid;background-color:transparent}.elementor-widget-text-editor:not(.elementor-drop-cap-view-default) .elementor-drop-cap{margin-top:8px}.elementor-widget-text-editor:not(.elementor-drop-cap-view-default) .elementor-drop-cap-letter{width:1em;height:1em}.elementor-widget-text-editor .elementor-drop-cap{float:left;text-align:center;line-height:1;font-size:50px}.elementor-widget-text-editor .elementor-drop-cap-letter{display:inline-block}<\/style>\t\t\t\t<p>\u00a0<\/p><p><strong>An\u00e1lise de processos concedidos e respectivos c\u00e1lculos de renda mensal inicial para fins de revis\u00e3o<\/strong><\/p><p>Caso voc\u00ea tenha iniciado o\u00a0<em>processo de solicita\u00e7\u00e3o do recebimento da aposentadoria<\/em>, por\u00e9m n\u00e3o concordou com o resultado do procedimento, \u00e9 poss\u00edvel solicitar a revis\u00e3o.<\/p><p>Entretanto, para poder pedir a revis\u00e3o, h\u00e1 alguns requisitos, como ter tido o\u00a0<em>requerimento<\/em>\u00a0atendido total ou parcialmente pelo INSS (e considerar-se prejudicado pelo mesmo);<\/p><p>O INSS deve ter tomado uma decis\u00e3o no processo administrativo, podendo ser referente ao benef\u00edcio, ou a outros assuntos relacionados. Para iniciar o procedimento de revis\u00e3o, \u00e9 necess\u00e1rio agendar um atendimento, podendo ser feito ligando para o telefone 135 ou pela internet.<\/p><p>Para ser atendido, \u00e9 necess\u00e1rio levar documento com foto e n\u00famero do CPF juntamente de um pedido de revis\u00e3o escrito e assinado, e outros documentos que provem as alega\u00e7\u00f5es que o segurado deseja fazer.<\/p><p>\u00a0<\/p><p><strong>A an\u00e1lise dos requerimentos<\/strong><strong>\u00a0<\/strong><\/p><p>Em 2018 foi decidido que as avalia\u00e7\u00f5es dos recursos de\u00a0solicita\u00e7\u00f5es de aposentadoria\u00a0seriam feitas automaticamente, este efeito diminui o tempo de resposta do segurado.<\/p><p>Essas\u00a0<em>an\u00e1lises<\/em>\u00a0s\u00e3o realizadas quando o instituto nega a aposentadoria, nesse caso, o segurado pode entrar com pedido de revis\u00e3o. Se o sistema apontar a veracidade da reclama\u00e7\u00e3o do segurado, o benef\u00edcio \u00e9 concedido automaticamente, assim como\u00a0 aposentadorias.<\/p><p>Mas em caso de inconsist\u00eancia, o\u00a0processo seguir\u00e1 para an\u00e1lise de uma Junta de Recursos. Todos os processos de recursos passam pela an\u00e1lise de servidores.<\/p><p>Somente depois disso ser\u00e3o enviados para julgamento. Isso resulta em tempo m\u00e9dio de resposta muito altos para os pedidos de recursos, e \u00e9 isso que o\u00a0 INSS procura recuperar com o novo servi\u00e7o.<\/p><p>Se ao final do processo de revis\u00e3o o benef\u00edcio for aprovado e em seguida identificado erro do INSS na concess\u00e3o, o segurado receber\u00e1 os atrasados desde a DIP (data de in\u00edcio do pagamento) e at\u00e9 os cinco anos antecedentes ao pedido de corre\u00e7\u00e3o, caso seja aposentado por mais tempo.<\/p><p><strong>Rec\u00e1lculo de renda mensal<\/strong><\/p><p>Em 2018 o site G1 descobriu que a maior reclama\u00e7\u00e3o dos aposentados sobre a aposentadoria era o valor que recebem de<em>\u00a0renda mensal<\/em>, apesar disso poder ser justificado pelo fato da renda mensal da aposentadoria frequentemente ser menor que o sal\u00e1rio de trabalhador ativo do aposentado.<\/p><p>Entretanto, n\u00e3o \u00e9 sempre esse o caso, h\u00e1 possibilidade de realmente haver erro no c\u00e1lculo da renda mensal e o segurador tem um prazo de dez anos para solicitar revis\u00e3o da aposentadoria. Mas se o segurador apontar fatos novos, esses que a previd\u00eancia n\u00e3o analisou, o prazo \u00e9 vital\u00edcio para a revis\u00e3o.<\/p><p>O maior erro que um segurado pode cometer \u00e9 n\u00e3o questionar sua renda mensal quando ela parece estranha, pois o INSS tem uma margem de erro significativa, e \u00e9 importante checar o procedimento.<\/p><p>Analisado o requerimento,\u00a0 o INSS comunicar\u00e1 o resultado e o prazo de recurso ser\u00e1 aberto em caso de discord\u00e2ncia do resultado por parte do trabalhador.\u00a0 Como citado anteriormente o prazo de decad\u00eancia \u00e9 de 10 anos de todo e qualquer direito ou a\u00e7\u00e3o do segurado ou benefici\u00e1rio para a revis\u00e3o, contando do primeiro dia do m\u00eas seguinte ao do recebimento da primeira presta\u00e7\u00e3o ou quando tomar conhecimento do erro cometido em sua aposentadoria no \u00e2mbito administrativo.<\/p>\t\t\t\t\t\t<\/div>\n\t\t\t\t<\/div>\n\t\t\t\t\t<\/div>\n\t\t\t\t<\/div>\n\t\t\t\t\t\t\t<\/div>\n\t\t","protected":false},"excerpt":{"rendered":"<p>\u00a0 An\u00e1lise de processos concedidos e respectivos c\u00e1lculos de renda mensal inicial para fins de revis\u00e3o Caso voc\u00ea tenha iniciado o\u00a0processo de solicita\u00e7\u00e3o do recebimento da aposentadoria, por\u00e9m n\u00e3o concordou com o resultado do procedimento, \u00e9 poss\u00edvel solicitar a revis\u00e3o. Entretanto, para poder pedir a revis\u00e3o, h\u00e1 alguns requisitos, como ter tido o\u00a0requerimento\u00a0atendido total ou [&hellip;]<\/p>\n","protected":false},"author":1,"featured_media":0,"parent":0,"menu_order":0,"comment_status":"closed","ping_status":"closed","template":"elementor_header_footer","meta":{"footnotes":""},"class_list":["post-62","page","type-page","status-publish","hentry"],"_links":{"self":[{"href":"https:\/\/carlosesantosadvogados.com.br\/index.php\/wp-json\/wp\/v2\/pages\/62"}],"collection":[{"href":"https:\/\/carlosesantosadvogados.com.br\/index.php\/wp-json\/wp\/v2\/pages"}],"about":[{"href":"https:\/\/carlosesantosadvogados.com.br\/index.php\/wp-json\/wp\/v2\/types\/page"}],"author":[{"embeddable":true,"href":"https:\/\/carlosesantosadvogados.com.br\/index.php\/wp-json\/wp\/v2\/users\/1"}],"replies":[{"embeddable":true,"href":"https:\/\/carlosesantosadvogados.com.br\/index.php\/wp-json\/wp\/v2\/comments?post=62"}],"version-history":[{"count":7,"href":"https:\/\/carlosesantosadvogados.com.br\/index.php\/wp-json\/wp\/v2\/pages\/62\/revisions"}],"predecessor-version":[{"id":222,"href":"https:\/\/carlosesantosadvogados.com.br\/index.php\/wp-json\/wp\/v2\/pages\/62\/revisions\/222"}],"wp:attachment":[{"href":"https:\/\/carlosesantosadvogados.com.br\/index.php\/wp-json\/wp\/v2\/media?parent=62"}],"curies":[{"name":"wp","href":"https:\/\/api.w.org\/{rel}","templated":true}]}}