{"id":64,"date":"2023-04-15T10:02:52","date_gmt":"2023-04-15T13:02:52","guid":{"rendered":"https:\/\/carlosesantosadvogados.com.br\/?page_id=64"},"modified":"2023-04-15T11:56:54","modified_gmt":"2023-04-15T14:56:54","slug":"aponsentadoria-incapacidade","status":"publish","type":"page","link":"https:\/\/carlosesantosadvogados.com.br\/index.php\/aponsentadoria-incapacidade\/","title":{"rendered":"Aponsentadoria incapacidade"},"content":{"rendered":"\t\t<div data-elementor-type=\"wp-page\" data-elementor-id=\"64\" class=\"elementor elementor-64\">\n\t\t\t\t\t\t\t<div class=\"elementor-element elementor-element-973b249 e-con-boxed e-flex e-con\" data-id=\"973b249\" data-element_type=\"container\" data-settings=\"{&quot;content_width&quot;:&quot;boxed&quot;}\">\n\t\t\t\t\t<div class=\"e-con-inner\">\n\t\t\t\t<div class=\"elementor-element elementor-element-a85d77b elementor-widget elementor-widget-image\" data-id=\"a85d77b\" data-element_type=\"widget\" data-widget_type=\"image.default\">\n\t\t\t\t<div class=\"elementor-widget-container\">\n\t\t\t<style>\/*! elementor - v3.13.3 - 28-05-2023 *\/\n.elementor-widget-image{text-align:center}.elementor-widget-image a{display:inline-block}.elementor-widget-image a img[src$=\".svg\"]{width:48px}.elementor-widget-image img{vertical-align:middle;display:inline-block}<\/style>\t\t\t\t\t\t\t\t\t\t\t\t<img loading=\"lazy\" decoding=\"async\" width=\"334\" height=\"228\" src=\"https:\/\/carlosesantosadvogados.com.br\/wp-content\/uploads\/2023\/04\/aposentadoria-incapacidade.png\" class=\"attachment-large size-large wp-image-87\" alt=\"\" srcset=\"https:\/\/carlosesantosadvogados.com.br\/wp-content\/uploads\/2023\/04\/aposentadoria-incapacidade.png 334w, https:\/\/carlosesantosadvogados.com.br\/wp-content\/uploads\/2023\/04\/aposentadoria-incapacidade-300x205.png 300w\" sizes=\"(max-width: 334px) 100vw, 334px\" \/>\t\t\t\t\t\t\t\t\t\t\t\t\t\t\t<\/div>\n\t\t\t\t<\/div>\n\t\t\t\t<div class=\"elementor-element elementor-element-e71a11c elementor-widget elementor-widget-text-editor\" data-id=\"e71a11c\" data-element_type=\"widget\" data-widget_type=\"text-editor.default\">\n\t\t\t\t<div class=\"elementor-widget-container\">\n\t\t\t<style>\/*! elementor - v3.13.3 - 28-05-2023 *\/\n.elementor-widget-text-editor.elementor-drop-cap-view-stacked .elementor-drop-cap{background-color:#69727d;color:#fff}.elementor-widget-text-editor.elementor-drop-cap-view-framed .elementor-drop-cap{color:#69727d;border:3px solid;background-color:transparent}.elementor-widget-text-editor:not(.elementor-drop-cap-view-default) .elementor-drop-cap{margin-top:8px}.elementor-widget-text-editor:not(.elementor-drop-cap-view-default) .elementor-drop-cap-letter{width:1em;height:1em}.elementor-widget-text-editor .elementor-drop-cap{float:left;text-align:center;line-height:1;font-size:50px}.elementor-widget-text-editor .elementor-drop-cap-letter{display:inline-block}<\/style>\t\t\t\t<p><strong>Aposentadoria por Invalidez<\/strong>: A aposentadoria por invalidez \u00e9 um benef\u00edcio previdenci\u00e1rio e \u00e9 direito daqueles trabalhadores que est\u00e3o permanentemente desabilitados de executar qualquer atividade laborativa eque tamb\u00e9m n\u00e3o podem se deslocar para outro trabalho, para que isso seja constatado, \u00e9 necess\u00e1rio uma avalia\u00e7\u00e3o da per\u00edcia m\u00e9dica do INSS.<\/p><h2><strong>APOSENTADORIA POR INVALIDEZ<\/strong><\/h2><h3>Como \u00e9 o Processo para Receber esse Benef\u00edcio?<\/h3><p>O primeiro passo \u00e9 averiguar se todos os pr\u00e9-requisitos condizem com a realidade. S\u00e3o esses:<\/p><ul><li>\u00c9 preciso ter pelo menos 12 meses de car\u00eancia m\u00ednima (n\u00famero m\u00ednimo de meses pagos ao\u00a0INSS),<\/li><li>O segurado tem de estar contribuindo quando for iniciar a tentativa de receber o benef\u00edcio ou estar no per\u00edodo de gra\u00e7a.<\/li><li>A incapacidade precisa ser permanente, se n\u00e3o for, o\u00a0segurado tem direito ao aux\u00edlio-doen\u00e7a.<\/li><\/ul><p>O segundo passo para obter o benef\u00edcio \u00e9 solicitar o aux\u00edlio-doen\u00e7a, este possui\u00a0os mesmos pr\u00e9 requisitos que a aposentadoria por Invalidez. Se a per\u00edcia m\u00e9dica\u00a0concluir que o cidad\u00e3o est\u00e1 permanentemente incapaz de trabalhar, a\u00a0aposentadoria por invalidez ser\u00e1 recomendada.<\/p><p>O INSS faz per\u00edcia a cada dois anos, apenas os maiores de 60 anos e os maiores de 55 que usufruem do benef\u00edcio h\u00e1 mais de 15 anos n\u00e3o precisam participar.<\/p><p>Obs:. as seguintes doen\u00e7as n\u00e3o se encaixar na aposentadoria por invalidez:<\/p><ul><li>Tuberculose Ativa,<ul><li>Geralmente, fazem parte da avalia\u00e7\u00e3o inicial uma radiografia de t\u00f3rax e de v\u00e1rias culturas de escarro para bacilos. Por\u00e9m, para um diagn\u00f3stico da tuberculose conclusivo, deve ser feito por meio da identifica\u00e7\u00e3o da bact\u00e9ria a partir de uma amostra cl\u00ednica de escarro, pus ou bi\u00f3psia de tecido.<\/li><\/ul><\/li><li>Hansen\u00edase,<ul><li>A hansen\u00edase, antigamente conhecida como lepra, \u00e9 uma doen\u00e7a infecciosa causada por uma bact\u00e9ria chamada Mycobacterium leprae ou bacilo de Hansen.<\/li><\/ul><\/li><li>Aliena\u00e7\u00e3o Mental,<ul><li>Entende-se que a aliena\u00e7\u00e3o mental n\u00e3o ser\u00e1 decorr\u00eancia de qualquer Doen\u00e7a Psiqui\u00e1trica, tampouco expressa uma patologia espec\u00edfica, vez que reflete o estado de \u201cAltera\u00e7\u00e3o Completa ou Consider\u00e1vel da Personalidade, comprometendo gravemente os ju\u00edzos de valor e de realidade, bem como a capacidade de entendimento.<\/li><\/ul><\/li><li>Esclerose M\u00faltipla,<ul><li>A Esclerose M\u00faltipla \u00e9 uma Doen\u00e7a Autoimune que afeta o C\u00e9rebro, Nervos \u00f3pticos e a Medula Espinhal (Sistema Nervoso Central).<br \/>Isso acontece porque o sistema imunol\u00f3gico do corpo confunde c\u00e9lulas saud\u00e1veis com \u201cintrusas\u201d, e as ataca provocando les\u00f5es.<\/li><\/ul><\/li><li>Hepatopatia Grave,<ul><li>A hepatopatia grave compreende um grupo de doen\u00e7as que atingem o f\u00edgado de forma prim\u00e1ria ou secund\u00e1ria, com evolu\u00e7\u00e3o aguda ou cr\u00f4nica, ocasionando altera\u00e7\u00e3o estrutural extensa e defici\u00eancia funcional intensa, progressiva e grave, al\u00e9m de incapacidade para atividades laborativas e risco \u00e0 vida.<\/li><\/ul><\/li><li>Neoplasia Maligna,<ul><li>A Neoplasia Maligna, C\u00e2ncer ou Tumor Maligno. \u00c9 caracterizada pela prolifera\u00e7\u00e3o descontrolada e anormal de c\u00e9lulas devido a altera\u00e7\u00f5es no DNA ou a h\u00e1bitos de vida, podendo essas c\u00e9lulas se espalharem pelo corpo e comprometer o organismo de maneira geral.<\/li><\/ul><\/li><li>Cegueira,<ul><li>Existem muitas Causas para a Cegueira,\u00a0incluindo Acidentes, diabetes e certas doen\u00e7as oculares.<br \/>A cegueira pode ocorrer repentinamente ou ao longo de um per\u00edodo. Geralmente, n\u00e3o h\u00e1 dor.<\/li><\/ul><\/li><li>Paralisia<ul><li>Irrevers\u00edvel e<\/li><li>Incapacitante.<\/li><\/ul><\/li><li>Cardiopatia Grave,<ul><li>A cardiopatia grave pode trazer grande incapacidade na vida pessoal e profissional do paciente, podendo levar \u00e0 morte. A insufici\u00eancia card\u00edaca, insufici\u00eancia coronariana, arritmias complexas ou at\u00e9 mesmo hipertens\u00e3o arterial, s\u00e3o exemplos de doen\u00e7as que podem estar associadas e piorar o quadro.<\/li><\/ul><\/li><li>Doen\u00e7a de Parkinson \/\u00a0Mal de Parkinson,<ul><li>Parkinson. A Doen\u00e7a de Parkinson \/ Mal de Parkinson \u00e9 uma Doen\u00e7a Degenerativa do Sistema Nervoso Central, Cr\u00f4nica e progressiva. \u00c9 causada por uma diminui\u00e7\u00e3o intensa da produ\u00e7\u00e3o de dopamina, que \u00e9 um neurotransmissor (subst\u00e2ncia qu\u00edmica que ajuda na transmiss\u00e3o de mensagens entre as c\u00e9lulas nervosas).<\/li><\/ul><\/li><li>Espondiloartrose Anquilosante,<ul><li>A espondilite anquilosante, tamb\u00e9m chamada de espondiloartrose anquilosante, \u00e9 uma les\u00e3o na coluna onde as v\u00e9rtebras fundem-se umas com as outras trazendo sintomas como dor e dificuldade nos movimentos da coluna.<\/li><\/ul><\/li><li>Nefropatia Grave,<ul><li>S\u00e3o consideradas Nefropatias Graves as Patologias de Evolu\u00e7\u00e3o Aguda, Subaguda ou Cr\u00f4nica que, de modo irrevers\u00edvel, acarretam insufici\u00eancia renal, determinando incapacidade para o trabalho e\/ou risco de vida.<\/li><\/ul><\/li><li>Estado Avan\u00e7ado da Doen\u00e7a de Paget,<ul><li>Doen\u00e7a de Paget \u00e9 uma Doen\u00e7a Cr\u00f4nica que se caracteriza pelo crescimento anormal de determinadas partes de um osso. Seus principais sinais e sintomas s\u00e3o Rigidez nas Articula\u00e7\u00f5es, Cansa\u00e7o, Dor profunda nos ossos, com tend\u00eancia a piorar durante a noite, e deforma\u00e7\u00f5es \u00f3sseas.<ul><li>Oste\u00edte Deformante,<\/li><\/ul><\/li><\/ul><\/li><li>S\u00edndrome da Defici\u00eancia Imunol\u00f3gica Adquirida (AIDS)\u00a0ou<ul><li>Contamina\u00e7\u00e3o por Radia\u00e7\u00e3o, com base em Conclus\u00e3o da Medicina Especializada.<\/li><\/ul><\/li><\/ul><h3>Qual \u00e9 o Valor da Aposentadoria por Invalidez?<\/h3><p>O Valor do Benef\u00edcio \u00e9 Calculado pela m\u00e9dia aritm\u00e9tica simples dos maiores Sal\u00e1rios de contribui\u00e7\u00e3o que equivale a 80% dos per\u00edodos contributivos como um todo.<br \/><img loading=\"lazy\" decoding=\"async\" class=\"aligncenter\" src=\"https:\/\/bramanteprevidencia.adv.br\/wp-content\/uploads\/2019\/04\/aposentadoria-por-invalidez.jpg\" alt=\"Aposentadoria Invalidez\" width=\"890\" height=\"350\" data-id=\"2986\" \/><\/p><p>Se no per\u00edodo do c\u00e1lculo o segurado tiver recebido outros benef\u00edcios isso ser\u00e1 considerado como um sal\u00e1rio de\u00a0contribui\u00e7\u00e3o, este servir\u00e1 de base para o c\u00e1lculo da renda mensal, o sal\u00e1rio\u00a0base n\u00e3o pode ser menor a um sal\u00e1rio m\u00ednimo.<\/p><p>Ou seja, se o segurado tiver recebido o aux\u00edlio doen\u00e7a durante o per\u00edodo de c\u00e1lculo da aposentadoria por invalidez, o mesmo sal\u00e1rio que serviu de base para\u00a0o c\u00e1lculo da renda mensal do primeiro benef\u00edcio (aux\u00edlio doen\u00e7a nesse caso), ser\u00e1 usado como base para esse segundo tamb\u00e9m (<strong>Aposentadoria por invalidez<\/strong>).<\/p><p>Caso o beneficiado precise de aux\u00edlio de outras pessoas para atos considerados fundamentais, como se alimentar, se higienizar e etc, h\u00e1 a possibilidade de solicitar um acr\u00e9scimo de\u00a025% sobre o valor da aposentadoria.<\/p><h4>Dissolu\u00e7\u00e3o da Aposentadoria por Invalidez<\/h4><p>O benef\u00edcio da aposentadoria por invalidez \u00e9 dissolvido caso o segurado volte a trabalhar,\u00a0e se recuperar a capacidade de trabalhar. Em caso de morte o aux\u00edlio tamb\u00e9m \u00e9 cortado.<\/p><p>O corte \u00e9 imediato em caso de morte e se h\u00e1 retorno ao trabalho, \u00e9 tamb\u00e9m imediato o corte se o ex-beneficiado voltar para o mesmo cargo que tinha antes ou se o benef\u00edcio foi concedido nos \u00faltimos cinco anos.<\/p><p>Mas se a situa\u00e7\u00e3o for recupera\u00e7\u00e3o de capacidade ele continuar\u00e1 recebendo por mais alguns meses.<\/p><p>Se recuperar a capacidade de trabalhar ap\u00f3s 5 (cinco) anos de recebimento, e se a recupera\u00e7\u00e3o for parcial, ou quando se torna apto apenas para outro tipo de trabalho a cessa\u00e7\u00e3o acontece gradualmente.<\/p><p>Nos primeiros seis meses o benef\u00edcio permanece o mesmo, nos pr\u00f3ximos seis, \u00e9 cortado para 50%, e ap\u00f3s esse per\u00edodo receber\u00e1 \u00be dos 50%.<\/p>\t\t\t\t\t\t<\/div>\n\t\t\t\t<\/div>\n\t\t\t\t\t<\/div>\n\t\t\t\t<\/div>\n\t\t\t\t\t\t\t<\/div>\n\t\t","protected":false},"excerpt":{"rendered":"<p>Aposentadoria por Invalidez: A aposentadoria por invalidez \u00e9 um benef\u00edcio previdenci\u00e1rio e \u00e9 direito daqueles trabalhadores que est\u00e3o permanentemente desabilitados de executar qualquer atividade laborativa eque tamb\u00e9m n\u00e3o podem se deslocar para outro trabalho, para que isso seja constatado, \u00e9 necess\u00e1rio uma avalia\u00e7\u00e3o da per\u00edcia m\u00e9dica do INSS. APOSENTADORIA POR INVALIDEZ Como \u00e9 o Processo [&hellip;]<\/p>\n","protected":false},"author":1,"featured_media":0,"parent":0,"menu_order":0,"comment_status":"closed","ping_status":"closed","template":"elementor_header_footer","meta":{"footnotes":""},"class_list":["post-64","page","type-page","status-publish","hentry"],"_links":{"self":[{"href":"https:\/\/carlosesantosadvogados.com.br\/index.php\/wp-json\/wp\/v2\/pages\/64"}],"collection":[{"href":"https:\/\/carlosesantosadvogados.com.br\/index.php\/wp-json\/wp\/v2\/pages"}],"about":[{"href":"https:\/\/carlosesantosadvogados.com.br\/index.php\/wp-json\/wp\/v2\/types\/page"}],"author":[{"embeddable":true,"href":"https:\/\/carlosesantosadvogados.com.br\/index.php\/wp-json\/wp\/v2\/users\/1"}],"replies":[{"embeddable":true,"href":"https:\/\/carlosesantosadvogados.com.br\/index.php\/wp-json\/wp\/v2\/comments?post=64"}],"version-history":[{"count":4,"href":"https:\/\/carlosesantosadvogados.com.br\/index.php\/wp-json\/wp\/v2\/pages\/64\/revisions"}],"predecessor-version":[{"id":226,"href":"https:\/\/carlosesantosadvogados.com.br\/index.php\/wp-json\/wp\/v2\/pages\/64\/revisions\/226"}],"wp:attachment":[{"href":"https:\/\/carlosesantosadvogados.com.br\/index.php\/wp-json\/wp\/v2\/media?parent=64"}],"curies":[{"name":"wp","href":"https:\/\/api.w.org\/{rel}","templated":true}]}}