{"id":66,"date":"2023-04-15T10:03:45","date_gmt":"2023-04-15T13:03:45","guid":{"rendered":"https:\/\/carlosesantosadvogados.com.br\/?page_id=66"},"modified":"2023-04-15T12:00:34","modified_gmt":"2023-04-15T15:00:34","slug":"aposentadoria-por-idade-urbana","status":"publish","type":"page","link":"https:\/\/carlosesantosadvogados.com.br\/index.php\/aposentadoria-por-idade-urbana\/","title":{"rendered":"Aposentadoria por idade urbana"},"content":{"rendered":"\t\t<div data-elementor-type=\"wp-page\" data-elementor-id=\"66\" class=\"elementor elementor-66\">\n\t\t\t\t\t\t\t<div class=\"elementor-element elementor-element-c115122 e-con-boxed e-flex e-con\" data-id=\"c115122\" data-element_type=\"container\" data-settings=\"{&quot;content_width&quot;:&quot;boxed&quot;}\">\n\t\t\t\t\t<div class=\"e-con-inner\">\n\t\t\t\t<div class=\"elementor-element elementor-element-1c41ffb elementor-widget elementor-widget-image\" data-id=\"1c41ffb\" data-element_type=\"widget\" data-widget_type=\"image.default\">\n\t\t\t\t<div class=\"elementor-widget-container\">\n\t\t\t<style>\/*! elementor - v3.13.3 - 28-05-2023 *\/\n.elementor-widget-image{text-align:center}.elementor-widget-image a{display:inline-block}.elementor-widget-image a img[src$=\".svg\"]{width:48px}.elementor-widget-image img{vertical-align:middle;display:inline-block}<\/style>\t\t\t\t\t\t\t\t\t\t\t\t<img loading=\"lazy\" decoding=\"async\" width=\"334\" height=\"228\" src=\"https:\/\/carlosesantosadvogados.com.br\/wp-content\/uploads\/2023\/04\/aposentadoria-por-idade-urbana.png\" class=\"attachment-large size-large wp-image-88\" alt=\"\" srcset=\"https:\/\/carlosesantosadvogados.com.br\/wp-content\/uploads\/2023\/04\/aposentadoria-por-idade-urbana.png 334w, https:\/\/carlosesantosadvogados.com.br\/wp-content\/uploads\/2023\/04\/aposentadoria-por-idade-urbana-300x205.png 300w\" sizes=\"(max-width: 334px) 100vw, 334px\" \/>\t\t\t\t\t\t\t\t\t\t\t\t\t\t\t<\/div>\n\t\t\t\t<\/div>\n\t\t\t\t<div class=\"elementor-element elementor-element-e790e15 elementor-widget elementor-widget-text-editor\" data-id=\"e790e15\" data-element_type=\"widget\" data-widget_type=\"text-editor.default\">\n\t\t\t\t<div class=\"elementor-widget-container\">\n\t\t\t<style>\/*! elementor - v3.13.3 - 28-05-2023 *\/\n.elementor-widget-text-editor.elementor-drop-cap-view-stacked .elementor-drop-cap{background-color:#69727d;color:#fff}.elementor-widget-text-editor.elementor-drop-cap-view-framed .elementor-drop-cap{color:#69727d;border:3px solid;background-color:transparent}.elementor-widget-text-editor:not(.elementor-drop-cap-view-default) .elementor-drop-cap{margin-top:8px}.elementor-widget-text-editor:not(.elementor-drop-cap-view-default) .elementor-drop-cap-letter{width:1em;height:1em}.elementor-widget-text-editor .elementor-drop-cap{float:left;text-align:center;line-height:1;font-size:50px}.elementor-widget-text-editor .elementor-drop-cap-letter{display:inline-block}<\/style>\t\t\t\t<p><strong>Aposentadoria Idade Rural Urbana<\/strong>: A aposentadoria por idade urbana \u00e9 o benef\u00edcio que permite que trabalhadores se aposentem por\u00a0<em>idade<\/em>, sendo aos 65 anos, se homens e 60 anos, se mulheres 60. Al\u00e9m da idade m\u00ednima, \u00e9 necess\u00e1rio ter contribu\u00eddo por, no m\u00ednimo, 180 meses, que \u00e9 a chamada car\u00eancia.<\/p><h2>APOSENTADORIA IDADE RURAL URBANA<\/h2><p>A aposentadoria h\u00edbrida \u00e9 a soma de\u00a0<em>per\u00edodo urbano com o rural<\/em>. Essa esp\u00e9cie de benef\u00edcio \u00e9 destinada aos trabalhadores rurais e\/ou urbanos que completarem 65 anos (homens) e 60 anos (mulheres). Al\u00e9m disso, dever\u00e3o comprovar 15 anos de car\u00eancia (tempo m\u00ednimo de contribui\u00e7\u00e3o), sendo que o per\u00edodo rural \u00e9 comprovado por ano de exerc\u00edcio de atividade rural.<\/p><p><img loading=\"lazy\" decoding=\"async\" class=\"aligncenter wp-image-2978 size-full ewww_webp_loaded\" title=\"  Aposentadoria Idade Rural Urbana\" src=\"https:\/\/bramanteprevidencia.adv.br\/wp-content\/uploads\/2019\/04\/aposentadoria-por-idade-urbana.jpg.webp\" sizes=\"(max-width: 800px) 100vw, 800px\" srcset=\"https:\/\/bramanteprevidencia.adv.br\/wp-content\/uploads\/2019\/04\/aposentadoria-por-idade-urbana.jpg.webp 800w, https:\/\/bramanteprevidencia.adv.br\/wp-content\/uploads\/2019\/04\/aposentadoria-por-idade-urbana-300x169.jpg.webp 300w, https:\/\/bramanteprevidencia.adv.br\/wp-content\/uploads\/2019\/04\/aposentadoria-por-idade-urbana-768x432.jpg.webp 768w\" alt=\"Aposentadoria Idade Rural Urbana\" width=\"800\" height=\"450\" data-id=\"2978\" data-src-img=\"https:\/\/bramanteprevidencia.adv.br\/wp-content\/uploads\/2019\/04\/aposentadoria-por-idade-urbana.jpg\" data-src-webp=\"https:\/\/bramanteprevidencia.adv.br\/wp-content\/uploads\/2019\/04\/aposentadoria-por-idade-urbana.jpg.webp\" data-srcset-webp=\"https:\/\/bramanteprevidencia.adv.br\/wp-content\/uploads\/2019\/04\/aposentadoria-por-idade-urbana.jpg.webp 800w, https:\/\/bramanteprevidencia.adv.br\/wp-content\/uploads\/2019\/04\/aposentadoria-por-idade-urbana-300x169.jpg.webp 300w, https:\/\/bramanteprevidencia.adv.br\/wp-content\/uploads\/2019\/04\/aposentadoria-por-idade-urbana-768x432.jpg.webp 768w\" data-srcset-img=\"https:\/\/bramanteprevidencia.adv.br\/wp-content\/uploads\/2019\/04\/aposentadoria-por-idade-urbana.jpg 800w, https:\/\/bramanteprevidencia.adv.br\/wp-content\/uploads\/2019\/04\/aposentadoria-por-idade-urbana-300x169.jpg 300w, https:\/\/bramanteprevidencia.adv.br\/wp-content\/uploads\/2019\/04\/aposentadoria-por-idade-urbana-768x432.jpg 768w\" data-eio=\"j\" \/><\/p><p>Essa Esp\u00e9cie de Aposentadoria foi criada pela Lei 11.718\/2008, ampliando a possibilidade de concess\u00e3o do benef\u00edcio, devido a trabalhadores que migraram do ambiente rural para o urbano e no passado n\u00e3o conseguiam se aposentar por n\u00e3o possu\u00edrem o tempo de car\u00eancia necess\u00e1ria. Nessa categoria o per\u00edodo trabalhado em \u00e2mbito rural ser\u00e1 computado para fins de car\u00eancia, desde que com documentos contempor\u00e2neos.<\/p><h3><strong>Per\u00edodo de Segurado Especial<\/strong><\/h3><p>S\u00e3o segurados especiais aqueles que exercem suas atividades em regime de economia familiar, incluindo c\u00f4njuges, companheiros, filhos maiores de 16 anos que trabalham com a fam\u00edlia, pescadores artesanais, \u00edndios que exercem atividades rurais e seus familiares.<\/p><p>A\u00a0<strong>contribui\u00e7\u00e3o de segurados especiais \u00e9 feita de forma diferente<\/strong>. Ela corresponde ao percentual de 2,3% incidente sobre o valor bruto da comercializa\u00e7\u00e3o da produ\u00e7\u00e3o.<\/p><p>Esses 2,3% derivam de: 2,0 % para a seguridade social, 01% para financiamento dos benef\u00edcios concedidos em prol do grau de incid\u00eancia de incapacidade laborativa que s\u00e3o resultado dos riscos ambientais do trabalho (SAT) e 0,2% para o Servi\u00e7o Nacional de Aprendizagem Rural (SENAR).<\/p><ul><li>Especialista em Direito Previdenci\u00e1rio Adriane Bramante<\/li><\/ul><p>O pagamento da contribui\u00e7\u00e3o \u00e9 responsabilidade da empresa\/ pessoa jur\u00eddica que comprou o produto, ela ter\u00e1 de descontar do valor da venda o tributo e\u00a0efetuar recolhimento ao INSS.<\/p><div class=\"epyt-video-wrapper fluid-width-video-wrapper\">\u00a0<\/div><p>Al\u00e9m da contribui\u00e7\u00e3o obrigat\u00f3ria o\u00a0Segurado Especial\u00a0pode contribuir Facultativamente Aplicando-se a al\u00edquota de 20% sobre o sal\u00e1rio-de-contribui\u00e7\u00e3o. Se o segurado escolher fazer isso, ter\u00e1 direito a beneficio previdenci\u00e1rios com valores superiores ao sal\u00e1rio m\u00ednimo. Esse tipo de contribui\u00e7\u00e3o pode ser mensal ou trimestral.<\/p><ul><li>Auxilio Doen\u00e7a<\/li><\/ul><h4><strong>O Valor da Aposentadoria por Idade<\/strong><\/h4><p>A aplica\u00e7\u00e3o do fator previdenci\u00e1rio \u00e9 opcional na\u00a0<strong>Aposentadoria por Idade<\/strong>. O\u00a0<strong>valor<\/strong>\u00a0do sal\u00e1rio da aposentadoria equivale a 70% do valor do sal\u00e1rio-de-benef\u00edcio, acrescenta-se 1% por ano de contribui\u00e7\u00e3o do segurado, n\u00e3o podendo ultrapassar o limite de 100% do sal\u00e1rio-de-benef\u00edcio.<\/p><p>Por exemplo, um segurado contribui por 15 anos e tem 65 anos de idade, o valor de seu benef\u00edcio ser\u00e1 de 85% do sal\u00e1rio-de-benef\u00edcio (70% + 15 anos de contribui\u00e7\u00e3o = 85% do sal\u00e1rio-de-benef\u00edcio).<\/p><p>O sal\u00e1rio-de-benef\u00edcio \u00e9 calculado pela m\u00e9dia aritm\u00e9tica simples das 80% maiores contribui\u00e7\u00f5es desde 07\/94. N\u00e3o havendo sal\u00e1rio-de-contribui\u00e7\u00e3o ap\u00f3s a compet\u00eancia 07\/94, o benef\u00edcio ser\u00e1 um sal\u00e1rio-m\u00ednimo.<\/p>\t\t\t\t\t\t<\/div>\n\t\t\t\t<\/div>\n\t\t\t\t\t<\/div>\n\t\t\t\t<\/div>\n\t\t\t\t\t\t\t<\/div>\n\t\t","protected":false},"excerpt":{"rendered":"<p>Aposentadoria Idade Rural Urbana: A aposentadoria por idade urbana \u00e9 o benef\u00edcio que permite que trabalhadores se aposentem por\u00a0idade, sendo aos 65 anos, se homens e 60 anos, se mulheres 60. Al\u00e9m da idade m\u00ednima, \u00e9 necess\u00e1rio ter contribu\u00eddo por, no m\u00ednimo, 180 meses, que \u00e9 a chamada car\u00eancia. APOSENTADORIA IDADE RURAL URBANA A aposentadoria [&hellip;]<\/p>\n","protected":false},"author":1,"featured_media":0,"parent":0,"menu_order":0,"comment_status":"closed","ping_status":"closed","template":"elementor_header_footer","meta":{"footnotes":""},"class_list":["post-66","page","type-page","status-publish","hentry"],"_links":{"self":[{"href":"https:\/\/carlosesantosadvogados.com.br\/index.php\/wp-json\/wp\/v2\/pages\/66"}],"collection":[{"href":"https:\/\/carlosesantosadvogados.com.br\/index.php\/wp-json\/wp\/v2\/pages"}],"about":[{"href":"https:\/\/carlosesantosadvogados.com.br\/index.php\/wp-json\/wp\/v2\/types\/page"}],"author":[{"embeddable":true,"href":"https:\/\/carlosesantosadvogados.com.br\/index.php\/wp-json\/wp\/v2\/users\/1"}],"replies":[{"embeddable":true,"href":"https:\/\/carlosesantosadvogados.com.br\/index.php\/wp-json\/wp\/v2\/comments?post=66"}],"version-history":[{"count":4,"href":"https:\/\/carlosesantosadvogados.com.br\/index.php\/wp-json\/wp\/v2\/pages\/66\/revisions"}],"predecessor-version":[{"id":230,"href":"https:\/\/carlosesantosadvogados.com.br\/index.php\/wp-json\/wp\/v2\/pages\/66\/revisions\/230"}],"wp:attachment":[{"href":"https:\/\/carlosesantosadvogados.com.br\/index.php\/wp-json\/wp\/v2\/media?parent=66"}],"curies":[{"name":"wp","href":"https:\/\/api.w.org\/{rel}","templated":true}]}}