{"id":70,"date":"2023-04-15T10:04:25","date_gmt":"2023-04-15T13:04:25","guid":{"rendered":"https:\/\/carlosesantosadvogados.com.br\/?page_id=70"},"modified":"2023-04-15T12:11:22","modified_gmt":"2023-04-15T15:11:22","slug":"auxilio-reclusao","status":"publish","type":"page","link":"https:\/\/carlosesantosadvogados.com.br\/index.php\/auxilio-reclusao\/","title":{"rendered":"Aux\u00edlio reclus\u00e3o"},"content":{"rendered":"\t\t<div data-elementor-type=\"wp-page\" data-elementor-id=\"70\" class=\"elementor elementor-70\">\n\t\t\t\t\t\t\t<div class=\"elementor-element elementor-element-d3a1c79 e-con-boxed e-flex e-con\" data-id=\"d3a1c79\" data-element_type=\"container\" data-settings=\"{&quot;content_width&quot;:&quot;boxed&quot;}\">\n\t\t\t\t\t<div class=\"e-con-inner\">\n\t\t\t\t<div class=\"elementor-element elementor-element-a36f4d8 elementor-widget elementor-widget-image\" data-id=\"a36f4d8\" data-element_type=\"widget\" data-widget_type=\"image.default\">\n\t\t\t\t<div class=\"elementor-widget-container\">\n\t\t\t<style>\/*! elementor - v3.13.3 - 28-05-2023 *\/\n.elementor-widget-image{text-align:center}.elementor-widget-image a{display:inline-block}.elementor-widget-image a img[src$=\".svg\"]{width:48px}.elementor-widget-image img{vertical-align:middle;display:inline-block}<\/style>\t\t\t\t\t\t\t\t\t\t\t\t<img loading=\"lazy\" decoding=\"async\" width=\"334\" height=\"228\" src=\"https:\/\/carlosesantosadvogados.com.br\/wp-content\/uploads\/2023\/04\/aux-reclusao.png\" class=\"attachment-large size-large wp-image-90\" alt=\"\" srcset=\"https:\/\/carlosesantosadvogados.com.br\/wp-content\/uploads\/2023\/04\/aux-reclusao.png 334w, https:\/\/carlosesantosadvogados.com.br\/wp-content\/uploads\/2023\/04\/aux-reclusao-300x205.png 300w\" sizes=\"(max-width: 334px) 100vw, 334px\" \/>\t\t\t\t\t\t\t\t\t\t\t\t\t\t\t<\/div>\n\t\t\t\t<\/div>\n\t\t\t\t<div class=\"elementor-element elementor-element-03028f3 elementor-widget elementor-widget-text-editor\" data-id=\"03028f3\" data-element_type=\"widget\" data-widget_type=\"text-editor.default\">\n\t\t\t\t<div class=\"elementor-widget-container\">\n\t\t\t<style>\/*! elementor - v3.13.3 - 28-05-2023 *\/\n.elementor-widget-text-editor.elementor-drop-cap-view-stacked .elementor-drop-cap{background-color:#69727d;color:#fff}.elementor-widget-text-editor.elementor-drop-cap-view-framed .elementor-drop-cap{color:#69727d;border:3px solid;background-color:transparent}.elementor-widget-text-editor:not(.elementor-drop-cap-view-default) .elementor-drop-cap{margin-top:8px}.elementor-widget-text-editor:not(.elementor-drop-cap-view-default) .elementor-drop-cap-letter{width:1em;height:1em}.elementor-widget-text-editor .elementor-drop-cap{float:left;text-align:center;line-height:1;font-size:50px}.elementor-widget-text-editor .elementor-drop-cap-letter{display:inline-block}<\/style>\t\t\t\t<p>O aux\u00edlio-reclus\u00e3o, \u00e9 o benef\u00edcio que os dependentes do presidi\u00e1rio recebem. Ele foi garantido pelo artigo 201 da Constitui\u00e7\u00e3o Federal de 1988, esse benef\u00edcio s\u00f3 \u00e9 v\u00e1lido para fam\u00edlia de baixa renda, al\u00e9m de exigir outros requisitos para aqueles que o recebem.<\/p><h3>AUX\u00cdLIO-RECLUS\u00c3O<\/h3><p>S\u00e3o muitas as suposi\u00e7\u00f5es sobre esse benef\u00edcio, mas \u00e9 relevante ressaltar que n\u00e3o \u00e9 qualquer depende de presidi\u00e1rio que recebe esse benef\u00edcio.<\/p><h3>Os pr\u00e9 requisitos<\/h3><p>Para que os dependentes do preso tenha direito ao benef\u00edcio, deve-se ter contribu\u00eddo regularmente at\u00e9 a data da pris\u00e3o, al\u00e9m de estar empregado. Os dependentes que receber\u00e3o o benef\u00edcio n\u00e3o podem estar recebendo sal\u00e1rio ou qualquer outro benef\u00edcio do INSS durante o per\u00edodo de recebimento do aux\u00edlio-reclus\u00e3o.<\/p><p>Al\u00e9m disso, o \u00faltimo sal\u00e1rio que o condenado recebeu antes da pris\u00e3o dever\u00e1 ter limite m\u00e1ximo de R$1.319,19, caso contr\u00e1rio, os dependentes n\u00e3o receber\u00e3o o benef\u00edcio. Ademais, apenas dependente de presos que estejam em regime fechado ou semiaberto recebem a renda.<\/p><h3>Quem pode receber?<\/h3><div id=\"attachment_2998\" class=\"wp-caption alignnone\"><p><img loading=\"lazy\" decoding=\"async\" class=\"Aux\u00edlio-Reclus\u00e3o wp-image-2998 size-full ewww_webp_loaded\" title=\"Aux\u00edlio-Reclus\u00e3o\" src=\"https:\/\/bramanteprevidencia.adv.br\/wp-content\/uploads\/2019\/04\/auxilio-reclusao.jpg.webp\" sizes=\"(max-width: 800px) 100vw, 800px\" srcset=\"https:\/\/bramanteprevidencia.adv.br\/wp-content\/uploads\/2019\/04\/auxilio-reclusao.jpg.webp 800w, https:\/\/bramanteprevidencia.adv.br\/wp-content\/uploads\/2019\/04\/auxilio-reclusao-300x150.jpg.webp 300w, https:\/\/bramanteprevidencia.adv.br\/wp-content\/uploads\/2019\/04\/auxilio-reclusao-768x384.jpg.webp 768w\" alt=\"Auxilio Reclusao\" width=\"800\" height=\"400\" aria-describedby=\"caption-attachment-2998\" data-id=\"2998\" data-src-img=\"https:\/\/bramanteprevidencia.adv.br\/wp-content\/uploads\/2019\/04\/auxilio-reclusao.jpg\" data-src-webp=\"https:\/\/bramanteprevidencia.adv.br\/wp-content\/uploads\/2019\/04\/auxilio-reclusao.jpg.webp\" data-srcset-webp=\"https:\/\/bramanteprevidencia.adv.br\/wp-content\/uploads\/2019\/04\/auxilio-reclusao.jpg.webp 800w, https:\/\/bramanteprevidencia.adv.br\/wp-content\/uploads\/2019\/04\/auxilio-reclusao-300x150.jpg.webp 300w, https:\/\/bramanteprevidencia.adv.br\/wp-content\/uploads\/2019\/04\/auxilio-reclusao-768x384.jpg.webp 768w\" data-srcset-img=\"https:\/\/bramanteprevidencia.adv.br\/wp-content\/uploads\/2019\/04\/auxilio-reclusao.jpg 800w, https:\/\/bramanteprevidencia.adv.br\/wp-content\/uploads\/2019\/04\/auxilio-reclusao-300x150.jpg 300w, https:\/\/bramanteprevidencia.adv.br\/wp-content\/uploads\/2019\/04\/auxilio-reclusao-768x384.jpg 768w\" data-eio=\"j\" \/><\/p><p id=\"caption-attachment-2998\" class=\"wp-caption-text\">Aux\u00edlio-Reclus\u00e3o<\/p><\/div><p>Para companheiros (as) e c\u00f4njuges \u00e9 necess\u00e1rio comprovar o casamento ou uni\u00e3o est\u00e1vel na data da pris\u00e3o, filhos e equiparados s\u00f3 receberam at\u00e9 21 anos de idade, se tiverem mais, n\u00e3o recebem, a n\u00e3o ser que sejam inv\u00e1lidos ou deficientes.<\/p><p>Os pais do preso devem comprovar que dependem financeiramente do detido. Para irm\u00e3os o mesmo dos pais al\u00e9m de precisarem possuir 21 anos de idade para menos, a n\u00e3o ser que sejam inv\u00e1lidos ou deficientes.<\/p><h3>Quanto tempo dura o benef\u00edcio?<\/h3><p>A dura\u00e7\u00e3o do aux\u00edlio varia conforme idade e o\u00a0tipo de benefici\u00e1rio, al\u00e9m de ser cortado por completo se o segurado voltar a liberdade (se fugir da pris\u00e3o ou seu regime se tornar aberto o aux\u00edlio tamb\u00e9m \u00e9 cortado).<\/p><p>Para c\u00f4njuges, companheiros ou c\u00f4njuges separados que recebiam pens\u00e3o aliment\u00edcia a dura\u00e7\u00e3o \u00e9 de quatro meses desde a data da pris\u00e3o se o segurado tiver realizado menos de 18 contribui\u00e7\u00f5es ou se o casamento ou uni\u00e3o est\u00e1vel tiver menos de dois anos de dura\u00e7\u00e3o na data da pris\u00e3o.<\/p><p>Se o segurado tiver contribu\u00eddo pelo menos os 18 meses necess\u00e1rios e tiver dois anos ou mais comprovados de casamento ou uni\u00e3o est\u00e1vel. a dura\u00e7\u00e3o m\u00e1xima do benef\u00edcio varia\u00a0acordo com a idade do dependente.<\/p><p>Se tiver at\u00e9 21 anos, a renda m\u00e1xima dura 3 anos, entre 21 e 26 anos de idade, a dura\u00e7\u00e3o m\u00e1xima \u00e9 de 6 anos. Entre 27 a 29, 10 anos de dura\u00e7\u00e3o. Entre 30 a 40 anos, 15 anos de dura\u00e7\u00e3o, entre 41 a 43, 10 anos de dura\u00e7\u00e3o, e a partir de 44 anos, \u00e9 vital\u00edcio.<\/p><p>Se o dependente for inv\u00e1lido ou deficiente o beneficio ser\u00e1 vital\u00edcio contanto que as contribui\u00e7\u00f5es correspondam aos 18 meses m\u00ednimos.<\/p><p>Perder\u00e1 o direito ao benef\u00edcio o condenado pela pr\u00e1tica de crime doloso que resulte na morte do segurado, ap\u00f3s o tr\u00e2nsito em julgado, bem como o c\u00f4njuge ou companheiro que realizou o casamento\/uni\u00e3o est\u00e1vel com o fim exclusivo de obter benef\u00edcio previdenci\u00e1rio, comprovado em a\u00e7\u00e3o judicial.<\/p><h3>O processo do recebimento da renda.<\/h3><p>A cada tr\u00eas meses na pris\u00e3o, \u00e9 necess\u00e1rio apresentar uma nova declara\u00e7\u00e3o de c\u00e1rcere que \u00e9 emitida pela unidade prisional. Al\u00e9m de que se o preso for solto, o dependente dever\u00e1 imediatamente declarar o alvar\u00e1 de soltura, para n\u00e3o receber indevidamente.<\/p><p>Para receber o aux\u00edlio, \u00e9 necess\u00e1rio solicitar o recebimento dentro de 90\u00a0contando a partir da data da pris\u00e3o, para receber desde a data (mesmo de pedir um 30 dias ap\u00f3s a pris\u00e3o, receber\u00e1 o m\u00eas que n\u00e3o solicitou), mas se passar de 90, o recebimento contar\u00e1 a partir da data de requerimento.<\/p><p>Caso o cidad\u00e3o n\u00e3o possa comparecer ao\u00a0INSS, ele tem a op\u00e7\u00e3o de nomear um procurador para fazer a solicita\u00e7\u00e3o em seu lugar.<\/p><h3>Documentos necess\u00e1rios:<\/h3><ul><li>\u00c9 necess\u00e1rio ter a Declara\u00e7\u00e3o expedida pela autoridade carcer\u00e1ria, informando a data da pris\u00e3o e o regime carcer\u00e1rio do segurado recluso.<\/li><li>Documento de identifica\u00e7\u00e3o do requerente: o documento deve ser v\u00e1lido, oficial, leg\u00edvel e com foto.<\/li><li>Documento de identifica\u00e7\u00e3o do segurado preso: o documento deve ser v\u00e1lido, oficial, leg\u00edvel e com foto.<\/li><li>N\u00famero do CPF do segurado.<\/li><\/ul>\t\t\t\t\t\t<\/div>\n\t\t\t\t<\/div>\n\t\t\t\t\t<\/div>\n\t\t\t\t<\/div>\n\t\t\t\t\t\t\t<\/div>\n\t\t","protected":false},"excerpt":{"rendered":"<p>O aux\u00edlio-reclus\u00e3o, \u00e9 o benef\u00edcio que os dependentes do presidi\u00e1rio recebem. Ele foi garantido pelo artigo 201 da Constitui\u00e7\u00e3o Federal de 1988, esse benef\u00edcio s\u00f3 \u00e9 v\u00e1lido para fam\u00edlia de baixa renda, al\u00e9m de exigir outros requisitos para aqueles que o recebem. AUX\u00cdLIO-RECLUS\u00c3O S\u00e3o muitas as suposi\u00e7\u00f5es sobre esse benef\u00edcio, mas \u00e9 relevante ressaltar que [&hellip;]<\/p>\n","protected":false},"author":1,"featured_media":0,"parent":0,"menu_order":0,"comment_status":"closed","ping_status":"closed","template":"elementor_header_footer","meta":{"footnotes":""},"class_list":["post-70","page","type-page","status-publish","hentry"],"_links":{"self":[{"href":"https:\/\/carlosesantosadvogados.com.br\/index.php\/wp-json\/wp\/v2\/pages\/70"}],"collection":[{"href":"https:\/\/carlosesantosadvogados.com.br\/index.php\/wp-json\/wp\/v2\/pages"}],"about":[{"href":"https:\/\/carlosesantosadvogados.com.br\/index.php\/wp-json\/wp\/v2\/types\/page"}],"author":[{"embeddable":true,"href":"https:\/\/carlosesantosadvogados.com.br\/index.php\/wp-json\/wp\/v2\/users\/1"}],"replies":[{"embeddable":true,"href":"https:\/\/carlosesantosadvogados.com.br\/index.php\/wp-json\/wp\/v2\/comments?post=70"}],"version-history":[{"count":7,"href":"https:\/\/carlosesantosadvogados.com.br\/index.php\/wp-json\/wp\/v2\/pages\/70\/revisions"}],"predecessor-version":[{"id":247,"href":"https:\/\/carlosesantosadvogados.com.br\/index.php\/wp-json\/wp\/v2\/pages\/70\/revisions\/247"}],"wp:attachment":[{"href":"https:\/\/carlosesantosadvogados.com.br\/index.php\/wp-json\/wp\/v2\/media?parent=70"}],"curies":[{"name":"wp","href":"https:\/\/api.w.org\/{rel}","templated":true}]}}