{"id":72,"date":"2023-04-15T10:04:58","date_gmt":"2023-04-15T13:04:58","guid":{"rendered":"https:\/\/carlosesantosadvogados.com.br\/?page_id=72"},"modified":"2023-04-15T12:21:52","modified_gmt":"2023-04-15T15:21:52","slug":"beneficios-por-incapacidade-temporaria","status":"publish","type":"page","link":"https:\/\/carlosesantosadvogados.com.br\/index.php\/beneficios-por-incapacidade-temporaria\/","title":{"rendered":"Benef\u00edcios por incapacidade temp\u00f3raria"},"content":{"rendered":"\t\t<div data-elementor-type=\"wp-page\" data-elementor-id=\"72\" class=\"elementor elementor-72\">\n\t\t\t\t\t\t\t<div class=\"elementor-element elementor-element-c22e5cf e-con-boxed e-flex e-con\" data-id=\"c22e5cf\" data-element_type=\"container\" data-settings=\"{&quot;content_width&quot;:&quot;boxed&quot;}\">\n\t\t\t\t\t<div class=\"e-con-inner\">\n\t\t\t\t<div class=\"elementor-element elementor-element-b9bc1f7 elementor-widget elementor-widget-image\" data-id=\"b9bc1f7\" data-element_type=\"widget\" data-widget_type=\"image.default\">\n\t\t\t\t<div class=\"elementor-widget-container\">\n\t\t\t<style>\/*! elementor - v3.13.3 - 28-05-2023 *\/\n.elementor-widget-image{text-align:center}.elementor-widget-image a{display:inline-block}.elementor-widget-image a img[src$=\".svg\"]{width:48px}.elementor-widget-image img{vertical-align:middle;display:inline-block}<\/style>\t\t\t\t\t\t\t\t\t\t\t\t<img loading=\"lazy\" decoding=\"async\" width=\"334\" height=\"228\" src=\"https:\/\/carlosesantosadvogados.com.br\/wp-content\/uploads\/2023\/04\/Beneficio-por-incapacidade-temporaria.png\" class=\"attachment-large size-large wp-image-91\" alt=\"\" srcset=\"https:\/\/carlosesantosadvogados.com.br\/wp-content\/uploads\/2023\/04\/Beneficio-por-incapacidade-temporaria.png 334w, https:\/\/carlosesantosadvogados.com.br\/wp-content\/uploads\/2023\/04\/Beneficio-por-incapacidade-temporaria-300x205.png 300w\" sizes=\"(max-width: 334px) 100vw, 334px\" \/>\t\t\t\t\t\t\t\t\t\t\t\t\t\t\t<\/div>\n\t\t\t\t<\/div>\n\t\t\t\t<div class=\"elementor-element elementor-element-8652866 elementor-widget elementor-widget-text-editor\" data-id=\"8652866\" data-element_type=\"widget\" data-widget_type=\"text-editor.default\">\n\t\t\t\t<div class=\"elementor-widget-container\">\n\t\t\t<style>\/*! elementor - v3.13.3 - 28-05-2023 *\/\n.elementor-widget-text-editor.elementor-drop-cap-view-stacked .elementor-drop-cap{background-color:#69727d;color:#fff}.elementor-widget-text-editor.elementor-drop-cap-view-framed .elementor-drop-cap{color:#69727d;border:3px solid;background-color:transparent}.elementor-widget-text-editor:not(.elementor-drop-cap-view-default) .elementor-drop-cap{margin-top:8px}.elementor-widget-text-editor:not(.elementor-drop-cap-view-default) .elementor-drop-cap-letter{width:1em;height:1em}.elementor-widget-text-editor .elementor-drop-cap{float:left;text-align:center;line-height:1;font-size:50px}.elementor-widget-text-editor .elementor-drop-cap-letter{display:inline-block}<\/style>\t\t\t\t<p><strong>Aux\u00edlio-Doen\u00e7a<\/strong>: O Aux\u00edlio-Doen\u00e7a \u00e9 um benef\u00edcio previdenci\u00e1rio concedido pelo INSS (Instituto Nacional do Seguro Social) para os trabalhadores que est\u00e3o, temporariamente, incapacitados de exercer as suas atividades remuneradas, por mais de quinze dias consecutivos e desde que preencham os seguintes requisitos:<\/p><h3>Aux\u00edlio-Doen\u00e7a<\/h3><ul><li>Provar, por meio de um diagn\u00f3stico m\u00e9dico, que se encontra incapacitado de realizar as suas fun\u00e7\u00f5es habituais na empresa devido a uma doen\u00e7a ou a um acidente;<\/li><li>Cumprir a car\u00eancia de doze contribui\u00e7\u00f5es mensais, com exce\u00e7\u00e3o dos casos avaliados pela per\u00edcia m\u00e9dica do INSS e que se encontram listados na Portaria Interministerial MPAS\/MS n\u00ba 2998\/2001;<\/li><li>Ter qualidade de segurado, ou seja, possuir cadastro e realizar pagamentos mensais \u00e0 Previd\u00eancia Social;<\/li><li>Caso seja empregado, deve estar afastado de seu trabalho, h\u00e1 mais de quinze dias corridos ou h\u00e1 quinze dias intercalados, mas desde que esteja dentro do prazo de sessenta dias pelo mesmo motivo.<\/li><\/ul><h3>Como Realizar o Pedido<\/h3><p>Para solicitar este tipo de benef\u00edcio, \u00e9 preciso agendar a per\u00edcia m\u00e9dica atrav\u00e9s do \u201cMeu INSS\u201d, comparecer no dia e hor\u00e1rios marcados e apresentar os seguintes documentos:<\/p><ul><li>Documento de identidade original com foto;<\/li><li>N\u00famero de CPF (Cadastro de Pessoas F\u00edsicas);<\/li><li>Documentos m\u00e9dicos que comprovem o tratamento, como:<ul><li>Atestados,<\/li><li>Exames e<\/li><li>Relat\u00f3rios, sempre atualizados;<\/li><\/ul><\/li><li>Se for trabalhador rural, lavrador e\/ou pescador, deve levar documentos que<br \/>comprovem suas fun\u00e7\u00f5es, como declara\u00e7\u00e3o do sindicato, contratos de<br \/>arrendamento, entre outros documentos que podem ser consultados no site do<br \/>INSS (Instituto Nacional do Seguro Social);<\/li><li>E, se for o caso, apresentar a Comunica\u00e7\u00e3o de Acidente de Trabalho (CAT), que \u00e9<br \/>um documento emitido para reconhecer um acidente de trabalho ou de percurso.<\/li><\/ul><h3>Benef\u00edcio a Ser Recebido<\/h3><p>Para a pessoa receber o Aux\u00edlio-Doen\u00e7a, \u00e9 preciso que ela passe por uma per\u00edcia m\u00e9dica do INSS para comprovar a incapacidade de realizar suas atividades laborativas.<\/p><p><img loading=\"lazy\" decoding=\"async\" class=\"Aux\u00edlio-Doen\u00e7a wp-image-2994 size-full ewww_webp_loaded\" title=\"Aux\u00edlio-Doen\u00e7a\" src=\"https:\/\/bramanteprevidencia.adv.br\/wp-content\/uploads\/2019\/04\/auxilio-doenca.jpg.webp\" sizes=\"(max-width: 810px) 100vw, 810px\" srcset=\"https:\/\/bramanteprevidencia.adv.br\/wp-content\/uploads\/2019\/04\/auxilio-doenca.jpg.webp 810w, https:\/\/bramanteprevidencia.adv.br\/wp-content\/uploads\/2019\/04\/auxilio-doenca-300x113.jpg.webp 300w, https:\/\/bramanteprevidencia.adv.br\/wp-content\/uploads\/2019\/04\/auxilio-doenca-768x288.jpg.webp 768w\" alt=\"Auxilio Doenca\" width=\"810\" height=\"304\" data-id=\"2994\" data-src-img=\"https:\/\/bramanteprevidencia.adv.br\/wp-content\/uploads\/2019\/04\/auxilio-doenca.jpg\" data-src-webp=\"https:\/\/bramanteprevidencia.adv.br\/wp-content\/uploads\/2019\/04\/auxilio-doenca.jpg.webp\" data-srcset-webp=\"https:\/\/bramanteprevidencia.adv.br\/wp-content\/uploads\/2019\/04\/auxilio-doenca.jpg.webp 810w, https:\/\/bramanteprevidencia.adv.br\/wp-content\/uploads\/2019\/04\/auxilio-doenca-300x113.jpg.webp 300w, https:\/\/bramanteprevidencia.adv.br\/wp-content\/uploads\/2019\/04\/auxilio-doenca-768x288.jpg.webp 768w\" data-srcset-img=\"https:\/\/bramanteprevidencia.adv.br\/wp-content\/uploads\/2019\/04\/auxilio-doenca.jpg 810w, https:\/\/bramanteprevidencia.adv.br\/wp-content\/uploads\/2019\/04\/auxilio-doenca-300x113.jpg 300w, https:\/\/bramanteprevidencia.adv.br\/wp-content\/uploads\/2019\/04\/auxilio-doenca-768x288.jpg 768w\" data-eio=\"j\" \/><\/p><p>Caso o segurado n\u00e3o possa comparecer \u00e0 per\u00edcia m\u00e9dica do INSS na data agendada, ele pode remarcar apenas uma vez, desde que tr\u00eas dias antes do dia agendado e atrav\u00e9s da Central 135 ou comparecendo diretamente \u00e0 Ag\u00eancia da Previd\u00eancia Social.<\/p><p>Agora, se o trabalhador estiver internado ou acamado, o prazo para reagendar a per\u00edcia m\u00e9dica \u00e9 de sete dias antes ou at\u00e9 a data marcada, desde que um representante legal compare\u00e7a \u00e0 Ag\u00eancia do INSS.<\/p><p>Caso o trabalhador julgue que o prazo estipulado para a recupera\u00e7\u00e3o n\u00e3o tenha sido suficiente, ele poder\u00e1 solicitar a prorroga\u00e7\u00e3o do benef\u00edcio atrav\u00e9s da Central 135, da internet ou comparecendo a uma ag\u00eancia do INSS, mas desde que o pedido seja feito em at\u00e9 15 dias antes da data de alta do benef\u00edcio.<\/p><h3>O Que Fazer Quando o Pedido \u00c9 Negado<\/h3><p>Nos casos de pedidos negados, o trabalhador pode:<\/p><ul><li>Entrar com um recurso administrativo no prazo de 30 dias, contados da data de ci\u00eancia da decis\u00e3o;<\/li><li>Ou entrar com uma a\u00e7\u00e3o judicial.<\/li><\/ul><h3>Volta ao Trabalho Antes do Prazo Final do Benef\u00edcio<\/h3><p>J\u00e1 em rela\u00e7\u00e3o \u00e0queles que desejam, precisam ou se consideram aptos para retornarem ao trabalho antes de se encerrar o prazo final, que lhes d\u00e1 direito de receber o Aux\u00edlio-Doen\u00e7a, pode faz\u00ea-lo sem que haja a necessidade de realizar uma per\u00edcia m\u00e9dica no INSS.<\/p><p>Para que isso aconte\u00e7a, o segurado, que adquire um aux\u00edlio com alta programada, ou seja, quando existe prazo para parar de receber o\u00a0 Benef\u00edcio, precisa formalizar o pedido por meio de uma carta em uma ag\u00eancia do Instituto.<\/p><p>A nova regra do Aux\u00edlio-Doen\u00e7a, que permite a volta ao trabalho sem uma per\u00edcia m\u00e9dica, foi publicada no Di\u00e1rio Oficial, no dia 21 Novembro de 2017, juntamente com outras instru\u00e7\u00f5es para manuten\u00e7\u00e3o do benef\u00edcio, com o intuito, principal, de desocupar espa\u00e7os na<\/p><p>Agenda do INSS (Instituto Nacional do Seguro Social).<\/p><p>At\u00e9 ent\u00e3o, quando o benef\u00edcio era concedido ou prorrogado, o m\u00e9dico perito precisava indicar a data que o paciente teria alta. Por\u00e9m este prazo poderia ser estendido, caso o trabalhador n\u00e3o se recuperasse totalmente no tempo previsto ou at\u00e9 mesmo, poderia ter a<br \/>sua alta antecipada, se estivesse curado antes do tempo estipulado pelo profissional que o atendeu.<\/p><h3>Aux\u00edlio-Doen\u00e7a e a Reforma da Previd\u00eancia<\/h3><p>Apesar de a Proposta estar tramitando no Senado, a C\u00e2mara dos Deputados aprovou at\u00e9 o momento, que a m\u00e9dia utilizada como c\u00e1lculo base para o Aux\u00edlio-Doen\u00e7a seja de 100% dos sal\u00e1rios de contribui\u00e7\u00f5es e n\u00e3o mais de 80% como \u00e9 hoje. O seu c\u00e1lculo tamb\u00e9m ser\u00e1 alterado para 60% + 2% a cada ano que ultrapasse os 20 anos de tempo, se homem; ou 15 anos de tempo, se mulher.<\/p><h3>Aux\u00edlio-Doen\u00e7a e as Suas Novidades<\/h3><ul><li>No dia 08 de Agosto deste ano, a proposta de incluir a Fibromialgia (doen\u00e7a cr\u00f4nica que causa dores no corpo todo) no rol de doen\u00e7as que asseguram a dispensa do cumprimento de car\u00eancia para come\u00e7ar a receber o benef\u00edcio foi convertida em Projeto de Lei;<\/li><li>Ainda neste m\u00eas, o Governo declarou que deseja acabar com o monop\u00f3lio do INSS em rela\u00e7\u00e3o aos benef\u00edcios concedidos, como o Aux\u00edlio-Doen\u00e7a, por meio de um Projeto de Lei, em que a ideia \u00e9 transferir parte destes pagamentos ao setor privado, j\u00e1 que somam R$ 130 bilh\u00f5es por ano, que equivalem a 22% da despesa anual do Instituto;<\/li><li>Os ministros do Desenvolvimento Social e do Planejamento, Alberto Beltrame e Esteves Colnago, respectivamente, anunciaram que dentre o per\u00edodo de Agosto de 2016 e o dia 15 deste m\u00eas, 228 mil Aux\u00edlios-Doen\u00e7a de 422 mil benef\u00edcios, foram cancelados gra\u00e7as \u00e0 opera\u00e7\u00e3o \u201cPente-Fino\u201d do INSS, gerando assim, uma economia de R$ 7,6 bilh\u00f5es.<\/li><\/ul>\t\t\t\t\t\t<\/div>\n\t\t\t\t<\/div>\n\t\t\t\t\t<\/div>\n\t\t\t\t<\/div>\n\t\t\t\t\t\t\t<\/div>\n\t\t","protected":false},"excerpt":{"rendered":"<p>Aux\u00edlio-Doen\u00e7a: O Aux\u00edlio-Doen\u00e7a \u00e9 um benef\u00edcio previdenci\u00e1rio concedido pelo INSS (Instituto Nacional do Seguro Social) para os trabalhadores que est\u00e3o, temporariamente, incapacitados de exercer as suas atividades remuneradas, por mais de quinze dias consecutivos e desde que preencham os seguintes requisitos: Aux\u00edlio-Doen\u00e7a Provar, por meio de um diagn\u00f3stico m\u00e9dico, que se encontra incapacitado de realizar [&hellip;]<\/p>\n","protected":false},"author":1,"featured_media":0,"parent":0,"menu_order":0,"comment_status":"closed","ping_status":"closed","template":"elementor_header_footer","meta":{"footnotes":""},"class_list":["post-72","page","type-page","status-publish","hentry"],"_links":{"self":[{"href":"https:\/\/carlosesantosadvogados.com.br\/index.php\/wp-json\/wp\/v2\/pages\/72"}],"collection":[{"href":"https:\/\/carlosesantosadvogados.com.br\/index.php\/wp-json\/wp\/v2\/pages"}],"about":[{"href":"https:\/\/carlosesantosadvogados.com.br\/index.php\/wp-json\/wp\/v2\/types\/page"}],"author":[{"embeddable":true,"href":"https:\/\/carlosesantosadvogados.com.br\/index.php\/wp-json\/wp\/v2\/users\/1"}],"replies":[{"embeddable":true,"href":"https:\/\/carlosesantosadvogados.com.br\/index.php\/wp-json\/wp\/v2\/comments?post=72"}],"version-history":[{"count":7,"href":"https:\/\/carlosesantosadvogados.com.br\/index.php\/wp-json\/wp\/v2\/pages\/72\/revisions"}],"predecessor-version":[{"id":258,"href":"https:\/\/carlosesantosadvogados.com.br\/index.php\/wp-json\/wp\/v2\/pages\/72\/revisions\/258"}],"wp:attachment":[{"href":"https:\/\/carlosesantosadvogados.com.br\/index.php\/wp-json\/wp\/v2\/media?parent=72"}],"curies":[{"name":"wp","href":"https:\/\/api.w.org\/{rel}","templated":true}]}}