{"id":74,"date":"2023-04-15T10:05:22","date_gmt":"2023-04-15T13:05:22","guid":{"rendered":"https:\/\/carlosesantosadvogados.com.br\/?page_id=74"},"modified":"2023-04-15T12:22:44","modified_gmt":"2023-04-15T15:22:44","slug":"tempo-de-contribuicao","status":"publish","type":"page","link":"https:\/\/carlosesantosadvogados.com.br\/index.php\/tempo-de-contribuicao\/","title":{"rendered":"Tempo de contribui\u00e7\u00e3o"},"content":{"rendered":"\t\t<div data-elementor-type=\"wp-page\" data-elementor-id=\"74\" class=\"elementor elementor-74\">\n\t\t\t\t\t\t\t<div class=\"elementor-element elementor-element-a8b50b3 e-con-boxed e-flex e-con\" data-id=\"a8b50b3\" data-element_type=\"container\" data-settings=\"{&quot;content_width&quot;:&quot;boxed&quot;}\">\n\t\t\t\t\t<div class=\"e-con-inner\">\n\t\t\t\t<div class=\"elementor-element elementor-element-f4040bd elementor-widget elementor-widget-image\" data-id=\"f4040bd\" data-element_type=\"widget\" data-widget_type=\"image.default\">\n\t\t\t\t<div class=\"elementor-widget-container\">\n\t\t\t<style>\/*! elementor - v3.13.3 - 28-05-2023 *\/\n.elementor-widget-image{text-align:center}.elementor-widget-image a{display:inline-block}.elementor-widget-image a img[src$=\".svg\"]{width:48px}.elementor-widget-image img{vertical-align:middle;display:inline-block}<\/style>\t\t\t\t\t\t\t\t\t\t\t\t<img loading=\"lazy\" decoding=\"async\" width=\"335\" height=\"229\" src=\"https:\/\/carlosesantosadvogados.com.br\/wp-content\/uploads\/2023\/04\/tempo-de-contribuicao.png\" class=\"attachment-large size-large wp-image-92\" alt=\"\" srcset=\"https:\/\/carlosesantosadvogados.com.br\/wp-content\/uploads\/2023\/04\/tempo-de-contribuicao.png 335w, https:\/\/carlosesantosadvogados.com.br\/wp-content\/uploads\/2023\/04\/tempo-de-contribuicao-300x205.png 300w\" sizes=\"(max-width: 335px) 100vw, 335px\" \/>\t\t\t\t\t\t\t\t\t\t\t\t\t\t\t<\/div>\n\t\t\t\t<\/div>\n\t\t\t\t<div class=\"elementor-element elementor-element-84bec3a elementor-widget elementor-widget-text-editor\" data-id=\"84bec3a\" data-element_type=\"widget\" data-widget_type=\"text-editor.default\">\n\t\t\t\t<div class=\"elementor-widget-container\">\n\t\t\t<style>\/*! elementor - v3.13.3 - 28-05-2023 *\/\n.elementor-widget-text-editor.elementor-drop-cap-view-stacked .elementor-drop-cap{background-color:#69727d;color:#fff}.elementor-widget-text-editor.elementor-drop-cap-view-framed .elementor-drop-cap{color:#69727d;border:3px solid;background-color:transparent}.elementor-widget-text-editor:not(.elementor-drop-cap-view-default) .elementor-drop-cap{margin-top:8px}.elementor-widget-text-editor:not(.elementor-drop-cap-view-default) .elementor-drop-cap-letter{width:1em;height:1em}.elementor-widget-text-editor .elementor-drop-cap{float:left;text-align:center;line-height:1;font-size:50px}.elementor-widget-text-editor .elementor-drop-cap-letter{display:inline-block}<\/style>\t\t\t\t<p>A\u00a0<strong>aposentadoria por tempo de contribui\u00e7\u00e3o<\/strong>\u00a0\u00e9 direito do cidad\u00e3o que consegue comprovar 35 anos de contribui\u00e7\u00e3o no caso dos homens\u00a0 e 30 anos para mulheres. Entretanto, h\u00e1 algumas exce\u00e7\u00f5es, regras e requisitos a analisar antes de solicitar a aposentadoria.<\/p><h3><strong>Formas de Exigir a Aposentadoria por Tempo de Contribui\u00e7\u00e3o<\/strong><strong>\u00a0<\/strong><\/h3><p>Existem tr\u00eas maneiras de exigir a aposentadoria, por\u00e9m em todas \u00e9 preciso ter 180 meses efetivos de car\u00eancia (tempo m\u00ednimo de contribui\u00e7\u00e3o para ter direitos a benef\u00edcios). Ou seja, per\u00edodos de aux\u00edlio-doen\u00e7a ou outros benef\u00edcios n\u00e3o ser\u00e3o levados em considera\u00e7\u00e3o para cumprir este requisito.<\/p><ul><li><strong>Por Tempo de Contribui\u00e7\u00e3o:\u00a0<\/strong>A regra \u00e9: 30 anos de contribui\u00e7\u00e3o para mulheres e 35 anos para os homens, nessa regra n\u00e3o h\u00e1 idade m\u00ednima.<\/li><li><strong>Por Progress\u00e3o:\u00a0<\/strong>Aqui h\u00e1 um c\u00e1lculo de soma entre a idade e o tempo de contribui\u00e7\u00e3o e tamb\u00e9m n\u00e3o h\u00e1 idade m\u00ednima. Para concess\u00e3o integral homens dever\u00e3o ter contribu\u00eddo por 35 anos e mulheres por 30. Os pontos finais devem totalizar 95 e 85 respectivamente. Por exemplo: se um homem tem 30 anos de contribui\u00e7\u00e3o e 55 anos de idade ele n\u00e3o tem direito pois o resultado equivale a 85 pontos, ele dever\u00e1 trabalhar mais 5 anos enquanto continua contribuindo.<\/li><li><strong>Proporcional (v\u00e1lido somente para quem iniciou a contribui\u00e7\u00e3o antes de 1998):\u00a0<\/strong>\u00c9 poss\u00edvel que o segurado solicite a aposentadoria se tiver contribu\u00eddo por 30 anos e ter no m\u00ednimo 53 anos de idade nos casos dos homens. J\u00e1 as mulheres dever\u00e3o ter 25 anos de contribui\u00e7\u00e3o e no m\u00ednimo 48 de idade.<\/li><\/ul><p>Os valores da aposentadoria proporcional s\u00e3o diferentes da integral, cabe ao trabalhador analisar as possibilidades e escolher a mais vantajosa para si.<\/p><h3><strong>Fator Previdenci\u00e1rio<\/strong><\/h3><p>O fator previdenci\u00e1rio \u00e9 um \u00edndice aplicado nos c\u00e1lculos da renda mensal em casos de aposentadoria por tempo de contribui\u00e7\u00e3o. Algumas exce\u00e7\u00f5es n\u00e3o precisam lev\u00e1-lo em considera\u00e7\u00e3o, como professores, trabalhadores rurais e aqueles que optarem se aposentar pela forma progressiva (85\/95).<\/p><p>Ele foi criado com o intuito de prevenir aposentadorias precoces. O fator \u00e9 resultado de uma f\u00f3rmula que considera o tempo de contribui\u00e7\u00e3o, a idade do segurado, e a expectativa de vida que ele ainda tem, al\u00e9m da al\u00edquota (valor fixo de 0,31).<\/p><p>Quanto mais jovem voc\u00ea se aposentar menos voc\u00ea ir\u00e1 receber, por exemplo, o fator previdenci\u00e1rio de uma mulher de 48 anos com 30 anos de contribui\u00e7\u00e3o \u00e9 0,456, se sua m\u00e9dia salarial \u00e9 R$5000 reais, a renda mensal da aposentadoria ser\u00e1 de R$2280.<\/p><p>Mas se essa mulher esperasse para completar 60 anos de idade e 42 de contribui\u00e7\u00e3o, o fator previdenci\u00e1rio seria 1,010 e sua renda salarial resultaria em R$5050, e ainda ganharia mais se continuasse investindo.<\/p><h4>ACRESCENTAR 25% NA APOSENTADORIA<\/h4><p>H\u00e1 a possibilidade de<strong>\u00a0acrescentar 25% na aposentadoria,\u00a0<\/strong>apesar de teoricamente essa cl\u00e1usula valer apenas para aposentados por invalidez, o judici\u00e1rio brasileiro tem sido mais male\u00e1vel pelo princ\u00edpio de igualdade.<\/p><h4>Professores e Trabalhadores Rurais<\/h4><p>Professores e trabalhadores rurais seguem regras um pouco diferentes de aposentadoria, esses s\u00e3o privilegiados, pois podem se aposentar com cinco anos a menos (25 professoras e 30 professores). Se a caso o segurado escolhe se aposentar por progress\u00e3o, seus pontos dever\u00e3o somar 80 para mulheres e 90 para homens. Entretanto a cada dois anos \u00e9 adicionado um ano a essa regra. Em Janeiro de 2019 mudar\u00e1 para 81 e 91, at\u00e9 que em 2027 sejam 85 e 95 pontos regulares.<\/p>\t\t\t\t\t\t<\/div>\n\t\t\t\t<\/div>\n\t\t\t\t\t<\/div>\n\t\t\t\t<\/div>\n\t\t\t\t\t\t\t<\/div>\n\t\t","protected":false},"excerpt":{"rendered":"<p>A\u00a0aposentadoria por tempo de contribui\u00e7\u00e3o\u00a0\u00e9 direito do cidad\u00e3o que consegue comprovar 35 anos de contribui\u00e7\u00e3o no caso dos homens\u00a0 e 30 anos para mulheres. Entretanto, h\u00e1 algumas exce\u00e7\u00f5es, regras e requisitos a analisar antes de solicitar a aposentadoria. Formas de Exigir a Aposentadoria por Tempo de Contribui\u00e7\u00e3o\u00a0 Existem tr\u00eas maneiras de exigir a aposentadoria, por\u00e9m [&hellip;]<\/p>\n","protected":false},"author":1,"featured_media":0,"parent":0,"menu_order":0,"comment_status":"closed","ping_status":"closed","template":"elementor_header_footer","meta":{"footnotes":""},"class_list":["post-74","page","type-page","status-publish","hentry"],"_links":{"self":[{"href":"https:\/\/carlosesantosadvogados.com.br\/index.php\/wp-json\/wp\/v2\/pages\/74"}],"collection":[{"href":"https:\/\/carlosesantosadvogados.com.br\/index.php\/wp-json\/wp\/v2\/pages"}],"about":[{"href":"https:\/\/carlosesantosadvogados.com.br\/index.php\/wp-json\/wp\/v2\/types\/page"}],"author":[{"embeddable":true,"href":"https:\/\/carlosesantosadvogados.com.br\/index.php\/wp-json\/wp\/v2\/users\/1"}],"replies":[{"embeddable":true,"href":"https:\/\/carlosesantosadvogados.com.br\/index.php\/wp-json\/wp\/v2\/comments?post=74"}],"version-history":[{"count":7,"href":"https:\/\/carlosesantosadvogados.com.br\/index.php\/wp-json\/wp\/v2\/pages\/74\/revisions"}],"predecessor-version":[{"id":261,"href":"https:\/\/carlosesantosadvogados.com.br\/index.php\/wp-json\/wp\/v2\/pages\/74\/revisions\/261"}],"wp:attachment":[{"href":"https:\/\/carlosesantosadvogados.com.br\/index.php\/wp-json\/wp\/v2\/media?parent=74"}],"curies":[{"name":"wp","href":"https:\/\/api.w.org\/{rel}","templated":true}]}}